{"id":1840,"date":"2021-02-18T16:55:15","date_gmt":"2021-02-18T09:55:15","guid":{"rendered":"https:\/\/vticloud-test.tk\/?page_id=1840"},"modified":"2021-03-04T22:24:09","modified_gmt":"2021-03-04T15:24:09","slug":"case-studies","status":"publish","type":"page","link":"https:\/\/vticloud.io\/en\/case-studies\/","title":{"rendered":"Case Studies"},"content":{"rendered":"<p>[vc_section css=&#8221;.vc_custom_1614333878585{margin-top: 0px !important;margin-right: -30px !important;margin-left: -30px !important;}&#8221; el_class=&#8221;section&#8221;][vc_row][vc_column][vc_column_text]  <div id=\"carouselExampleIndicatorsCaseStudy\" class=\"carousel slide\" data-ride=\"carousel\">\n    <ol class=\"carousel-indicators\">\n                                <li data-target=\"#carouselExampleIndicatorsCaseStudy\" data-slide-to=\"0\" class=\"active\"><\/li>\n                                        <li data-target=\"#carouselExampleIndicatorsCaseStudy\" data-slide-to=\"1\" class=\"\"><\/li>\n                                        <\/ol>\n    <div class=\"carousel-inner\">\n                                <div class=\"carousel-item active\">\n              <img class=\"d-block w-100\" src=\"https:\/\/vticloud.io\/wp-content\/uploads\/2021\/03\/casestudies-scaled-1.jpeg\" alt=\"\">\n              <div class=\"banner-info \">\n                <div class=\"container\">\n                  <div class=\"row jumbotron\">\n                    <div class=\"col-md-8 col-sm-12 col-sx-12 banner-contact-left\">\n                      <div class=\"carousel-caption-x info-left\">\n                        <p class=\"title-first mt-5\">\/CASESTUDIES\/<\/p>\n                        <p class=\"title-info\">Know More About How Our Customers Have Succeeded With Their Business.<\/p>\n                      <\/div>\n                    <\/div>\n                    <div class=\"col-md-4 col-sm-12 col-sx-12 banner-contact-right\">\n                      <div class=\"info-right float-right\">\n                        <div class=\"contact\">\n                          <p>Contact<\/p>\n                          <span class=\"icon-contact\"><i class=\"fas fa-phone-alt\"><\/i>+84-24-73068883<\/span>\n                          <span class=\"icon-contact\"><i class=\"far fa-envelope\"><\/i>hello@vticloud.io<\/span>\n                        <\/div>\n                      <\/div>\n                    <\/div>\n                  <\/div>\n                <\/div>\n              <\/div>\n            <\/div>\n                                        <div class=\"carousel-item \">\n              <img class=\"d-block w-100\" src=\"https:\/\/vticloud.io\/wp-content\/uploads\/2021\/03\/casestudies-scaled-1.jpeg\" alt=\"\">\n              <div class=\"banner-info \">\n                <div class=\"container\">\n                  <div class=\"row jumbotron\">\n                    <div class=\"col-md-8 col-sm-12 col-sx-12 banner-contact-left\">\n                      <div class=\"carousel-caption-x info-left\">\n                        <p class=\"title-first mt-5\">\/CaseStudy\/<\/p>\n                        <p class=\"title-info\">Know More About How Our Customers Have Succeeded With Their Business.<\/p>\n                      <\/div>\n                    <\/div>\n                    <div class=\"col-md-4 col-sm-12 col-sx-12 banner-contact-right\">\n                      <div class=\"info-right float-right\">\n                        <div class=\"contact\">\n                          <p>Contact<\/p>\n                          <span class=\"icon-contact\"><i class=\"fas fa-phone-alt\"><\/i>+84-24-73068883<\/span>\n                          <span class=\"icon-contact\"><i class=\"far fa-envelope\"><\/i>hello@vticloud.io<\/span>\n                        <\/div>\n                      <\/div>\n                    <\/div>\n                  <\/div>\n                <\/div>\n              <\/div>\n            <\/div>\n                                        <\/div>\n  <\/div>\n    [\/vc_column_text][\/vc_column][\/vc_row][vc_row][vc_column][vc_raw_html]JTNDZGl2JTIwY2xhc3MlM0QlMjJoZWFkZXIlMjB0ZXh0LWNlbnRlciUyMiUzRSUwQSUyMCUyMCUyMCUyMCUyMCUyMCUyMCUyMCUzQ2RpdiUyMGNsYXNzJTNEJTIyaGVhZGVyLWdyb3VwJTIyJTNFJTBBJTIwJTIwJTIwJTIwJTIwJTIwJTIwJTIwJTIwJTIwJTIwJTIwJTNDaDElM0VDYXNlJTIwU3R1ZGllcyUzQyUyRmgxJTNFJTBBJTIwJTIwJTIwJTIwJTIwJTIwJTIwJTIwJTIwJTIwJTIwJTIwJTNDcCUzRSUyNm5ic3AlM0IlMjZuYnNwJTNCJTNDJTJGcCUzRSUwQSUyMCUyMCUyMCUyMCUyMCUyMCUyMCUyMCUzQyUyRmRpdiUzRSUwQSUyMCUyMCUyMCUyMCUzQyUyRmRpdiUzRQ==[\/vc_raw_html][\/vc_column][\/vc_row][vc_row el_class=&#8221;container-custom&#8221;][vc_column][vc_column_text]  <div class=\"case-study-form-filter\">\n    <form id=\"form-search-casestudy\" action=\"\" method=\"get\">\n      <div class=\"input-group\">\n        <input id=\"inputShow\" type=\"text\" value=\"\" class=\"form-control\" name=\"keyword\" placeholder=\"Search\"\n            aria-label=\"Search\" aria-describedby=\"basic-addon2\">\n        <div class=\"input-group-append btn-casestudy-search\">\n          <span class=\"input-group-text\" id=\"basic-addon2\"><i class=\"fa fa-search\"><\/i> <\/span>\n        <\/div>\n      <\/div>\n    <\/form>\n    <form id=\"form-search-casestudy-filter-form\" action=\"\" method=\"get\">\n      <div id=\"form-search-casestudy-filter\" class=\"filter-area form-row\">\n        <div class=\"form-group col-sm-6 col-md-2\">\n          <select name=\"customer_segment\" id=\"customer_segment\" class=\"form-control\">\n            <option value=\"\">Customer Segment<\/option>\n            <option value=\"enterprise\">Enterprise<\/option>\n            <option value=\"smes\">SMEs<\/option>\n            <option value=\"startup\">Startup<\/option>\n            <option value=\"none-profit\">Non-profit<\/option>\n          <\/select>\n        <\/div>\n        <div class=\"form-group col-sm-6 col-md-2\">\n          <select name=\"industry\" id=\"industry\" class=\"form-control\">\n            <option value=\"\">Industry<\/option>\n            <option value=\"education\">Education<\/option>\n            <option value=\"agriculture\">Agriculture<\/option>\n            <option value=\"computers-electronics\">Computers & Electronics<\/option>\n            <option value=\"consumer-goods\">Consumer Goods<\/option>\n            <option value=\"energy-utilities\">Energy & Utilities<\/option>\n            <option value=\"financial-fervices\">Financial Services<\/option>\n            <option value=\"healthcare\">Healthcare<\/option>\n            <option value=\"internet-sotfware\">Internet & Sotfware<\/option>\n            <option value=\"manufacturing\">Manufacturing<\/option>\n            <option value=\"marketing-advertising\">Marketing & Advertising<\/option>\n            <option value=\"media-entertainment\">Media & Entertainment<\/option>\n            <option value=\"real-estate-construction\">Real Estate & Construction<\/option>\n            <option value=\"retail\">Retail<\/option>\n            <option value=\"transport-logistics\">Transport & Logistics<\/option>\n            <option value=\"travel-hospitality\">Travel & Hospitality<\/option>\n          <\/select>\n        <\/div>\n        <div class=\"form-group col-sm-6 col-md-2\">\n          <select id=\"use_case\" name=\"use_case\" class=\"form-control\">\n            <option class=\"first-option-select\" value=\"\">Use Case<\/option>\n            <option value=\"database-migration\">Database Migration<\/option>\n            <option value=\"datacenter-migration\">Datacenter Migration<\/option>\n            <option value=\"well-architected-review\">Well-architected Review<\/option>\n            <option value=\"high-performance-computing\">High Performance Computing<\/option>\n            <option value=\"business-applications\">Business Applications<\/option>\n          <\/select>\n        <\/div>\n        <div class=\"form-group col-sm-6 col-md-2\">\n          <select id=\"source\" name=\"source\" class=\"form-control\">\n            <option value=\"\">Source<\/option>\n            <option value=\"aws\">AWS<\/option>\n            <option value=\"vti-cloud\">VTI Cloud<\/option>\n          <\/select>\n        <\/div>\n        <div class=\"form-group col-sm-6 col-md-2\">\n          <label for=\"\"><\/label>\n          <a href=\"javascript:void(0)\" class=\"btn btn-sm btn-default btn-clear-filter\">Clear Filter<\/a>\n        <\/div>\n      <\/div>\n    <\/form>\n  <\/div>\n    [\/vc_column_text][\/vc_column][\/vc_row][vc_row el_class=&#8221;container-custom&#8221;][vc_column][vc_column_text]  <div class=\"case-studies-area\" style=\"margin-bottom: 50px;\">\n                          <div class=\"case-study-item item-first\">\n            <div class=\"row\">\n              <h3><a class=\"is_mobile\" title=\"GITS &#8211; Deploying a Website with AWS\" href=\"https:\/\/vticloud.io\/en\/case_study\/gits-deploying-a-website-with-aws\/\">GITS &#8211; Deploying a Website with AWS<\/a><\/h3>\n              <a href=\"https:\/\/vticloud.io\/en\/case_study\/gits-deploying-a-website-with-aws\/\" style=\"background-image: url('https:\/\/vticloud.io\/wp-content\/uploads\/2023\/11\/GITS-website-e1701065684493.png');\"\n                  class=\"col-item-left col-sm-6  col-lg-5 col-12\"><\/a>\n              <div class=\"col-item-right col-sm-6 col-lg-7 col-12\">\n                <h3><a class=\"is_pc\" title=\"GITS &#8211; Deploying a Website with AWS\" href=\"https:\/\/vticloud.io\/en\/case_study\/gits-deploying-a-website-with-aws\/\">GITS &#8211; Deploying a Website with AWS<\/a><\/h3>\n                  <p>GITS is a technology company in Vietnam for global IT solutions. Facing the need to deploy a website, GITS chose AWS services and technology consulting support from VTI Cloud \u2013 AWS\u2019s advanced consulting partner in Vietnam.<\/p>\n                                      <div class=\"info row\">\n                      <div class=\"col-8\">\n                      <\/div>\n                      <div class=\"col-4\">\n                        <a href=\"https:\/\/vticloud.io\/en\/case_study\/gits-deploying-a-website-with-aws\/\"><span class=\"readmore\">See more<i\n                                class=\"fa fa-angle-double-right\"><\/i><\/span><\/a>\n                      <\/div>\n                    <\/div>\n                                <\/div>\n            <\/div>\n          <\/div>\n                                  <div class=\"case-study-item \">\n            <div class=\"row\">\n              <h3><a class=\"is_mobile\" title=\"(VN) \u01af\u0301ng du\u0323ng \u0111i\u00ea\u0323n toa\u0301n \u0111a\u0301m m\u00e2y va\u0300o gia\u0301o du\u0323c tr\u01b0\u0323c tuy\u00ea\u0301n VUIHOC\" href=\"https:\/\/vticloud.io\/en\/case_study\/ung-dung-dien-toan-dam-may-vao-giao-duc-truc-tuyen-vuihoc\/\">(VN) \u01af\u0301ng du\u0323ng \u0111i\u00ea\u0323n toa\u0301n \u0111a\u0301m m\u00e2y va\u0300o gia\u0301o du\u0323c tr\u01b0\u0323c tuy\u00ea\u0301n VUIHOC<\/a><\/h3>\n              <a href=\"https:\/\/vticloud.io\/en\/case_study\/ung-dung-dien-toan-dam-may-vao-giao-duc-truc-tuyen-vuihoc\/\" style=\"background-image: url('https:\/\/vticloud.io\/wp-content\/uploads\/2021\/12\/mo-hinh-hoc-toan-tieng-viet-online-voi-vui-hoc-5-700x394-1.png');\"\n                  class=\"col-item-left col-sm-6  col-lg-4 col-6\"><\/a>\n              <div class=\"col-item-right col-sm-6 col-lg-8 col-6\">\n                <h3><a class=\"is_pc\" title=\"(VN) \u01af\u0301ng du\u0323ng \u0111i\u00ea\u0323n toa\u0301n \u0111a\u0301m m\u00e2y va\u0300o gia\u0301o du\u0323c tr\u01b0\u0323c tuy\u00ea\u0301n VUIHOC\" href=\"https:\/\/vticloud.io\/en\/case_study\/ung-dung-dien-toan-dam-may-vao-giao-duc-truc-tuyen-vuihoc\/\">(VN) \u01af\u0301ng du\u0323ng \u0111i\u00ea\u0323n toa\u0301n \u0111a\u0301m m\u00e2y va\u0300o gia\u0301o du\u0323c tr\u01b0\u0323c tuy\u00ea\u0301n VUIHOC<\/a><\/h3>\n                  <p>(VN) S\u1ef1 chuy\u1ec3n d\u1ecbch l\u00ean m\u00f4i tr\u01b0\u1eddng AWS \u0111\u00e3 gi\u00fap VUIHOC gi\u1ea3i quy\u1ebft c\u00e1c v\u1ea5n \u0111\u1ec1 \u0111ang g\u1eb7p ph\u1ea3i trong th\u1ef1c t\u1ebf nh\u01b0 v\u1ea5n \u0111\u1ec1 truy c\u1eadp, b\u1ea3o m\u1eadt, th\u1eddi gian tr\u1ec5, t\u00ednh kh\u1ea3 d\u1ee5ng v.v. VUIHOC \u0111\u00e3 \u0111\u01b0\u1ee3c gi\u1ea3m b\u1edbt g\u00e1nh n\u1eb7ng cho c\u00e1c \u0111\u1ea7u vi\u1ec7c qu\u1ea3n tr\u1ecb h\u1ec7 th\u1ed1ng v\u00e0 t\u1eadp trung nh\u00e2n l\u1ef1c h\u01a1n v\u00e0o c\u00e1c m\u1ee5c ti\u00eau d\u00e0i h\u1ea1n, m\u1edf ra th\u00eam ti\u1ec1m n\u0103ng \u0111\u1ec3 VUIHOC ti\u1ebfp t\u1ee5c ph\u00e1t tri\u1ec3n m\u1ea1nh m\u1ebd trong t\u01b0\u01a1ng lai.\u00a0<\/p>\n                                      <div class=\"info case-study-tag\">\n                        <span class=\"tags-links\">Tags: <a href=\"https:\/\/vticloud.io\/en\/tag\/aws-aurora\/\" rel=\"tag\">aws aurora<\/a> <a href=\"https:\/\/vticloud.io\/en\/tag\/vuihoc\/\" rel=\"tag\">vuihoc<\/a><\/span>                    <\/div>\n                                <\/div>\n            <\/div>\n          <\/div>\n                                  <div class=\"case-study-item \">\n            <div class=\"row\">\n              <h3><a class=\"is_mobile\" title=\"(VN) Merchize c\u1eaft gi\u1ea3m t\u1edbi 70% chi ph\u00ed \u0111i\u1ec7n to\u00e1n v\u1edbi chi\u1ebfn l\u01b0\u1ee3c EKS tr\u00ean Spot c\u1ee7a AWS\" href=\"https:\/\/vticloud.io\/en\/case_study\/merchize-cat-giam-toi-70-chi-phi-dien-toan-voi-chien-luoc-eks-tren-spot-cua-aws\/\">(VN) Merchize c\u1eaft gi\u1ea3m t\u1edbi 70% chi ph\u00ed \u0111i\u1ec7n to\u00e1n v\u1edbi chi\u1ebfn l\u01b0\u1ee3c EKS tr\u00ean Spot c\u1ee7a AWS<\/a><\/h3>\n              <a href=\"https:\/\/vticloud.io\/en\/case_study\/merchize-cat-giam-toi-70-chi-phi-dien-toan-voi-chien-luoc-eks-tren-spot-cua-aws\/\" style=\"background-image: url('https:\/\/vticloud.io\/wp-content\/uploads\/2021\/11\/504-homepage-screenshoot.jpg');\"\n                  class=\"col-item-left col-sm-6  col-lg-4 col-6\"><\/a>\n              <div class=\"col-item-right col-sm-6 col-lg-8 col-6\">\n                <h3><a class=\"is_pc\" title=\"(VN) Merchize c\u1eaft gi\u1ea3m t\u1edbi 70% chi ph\u00ed \u0111i\u1ec7n to\u00e1n v\u1edbi chi\u1ebfn l\u01b0\u1ee3c EKS tr\u00ean Spot c\u1ee7a AWS\" href=\"https:\/\/vticloud.io\/en\/case_study\/merchize-cat-giam-toi-70-chi-phi-dien-toan-voi-chien-luoc-eks-tren-spot-cua-aws\/\">(VN) Merchize c\u1eaft gi\u1ea3m t\u1edbi 70% chi ph\u00ed \u0111i\u1ec7n to\u00e1n v\u1edbi chi\u1ebfn l\u01b0\u1ee3c EKS tr\u00ean Spot c\u1ee7a AWS<\/a><\/h3>\n                  <p>(VN) Merchize \u0111\u00e3 tham kh\u1ea3o t\u01b0 v\u1ea5n c\u1ee7a\u00a0AWS\u00a0v\u00e0\u00a0VTI Cloud\u00a0\u0111\u1ec3 chuy\u1ec3n \u0111\u1ed5i n\u1ec1n t\u1ea3ng c\u1ee7a h\u1ecd sang m\u00f4i tr\u01b0\u1eddng \u0111a d\u1ea1ng ng\u01b0\u1eddi thu\u00ea (Multi-tentant) thay v\u00ec m\u1ed9t ng\u01b0\u1eddi thu\u00ea (single-tentant).<\/p>\n                                      <div class=\"info case-study-tag\">\n                        <span class=\"tags-links\">Tags: <a href=\"https:\/\/vticloud.io\/en\/tag\/amazone-web-service\/\" rel=\"tag\">amazone web service<\/a> <a href=\"https:\/\/vticloud.io\/en\/tag\/aws\/\" rel=\"tag\">aws<\/a> <a href=\"https:\/\/vticloud.io\/en\/tag\/case-studies\/\" rel=\"tag\">case studies<\/a> <a href=\"https:\/\/vticloud.io\/en\/tag\/ecommerce\/\" rel=\"tag\">ecommerce<\/a> <a href=\"https:\/\/vticloud.io\/en\/tag\/merchize\/\" rel=\"tag\">merchize<\/a> <a href=\"https:\/\/vticloud.io\/en\/tag\/thuong-mai-dien-tu\/\" rel=\"tag\">th\u01b0\u01a1ng m\u1ea1i \u0111i\u1ec7n t\u1eed<\/a><\/span>                    <\/div>\n                                <\/div>\n            <\/div>\n          <\/div>\n                                  <div class=\"case-study-item \">\n            <div class=\"row\">\n              <h3><a class=\"is_mobile\" title=\"ITNavi &#8211; Expanding capabilities with AWS\" href=\"https:\/\/vticloud.io\/en\/case_study\/itnavi-aws-case-study\/\">ITNavi &#8211; Expanding capabilities with AWS<\/a><\/h3>\n              <a href=\"https:\/\/vticloud.io\/en\/case_study\/itnavi-aws-case-study\/\" style=\"background-image: url('https:\/\/vticloud.io\/wp-content\/uploads\/2021\/06\/itnavi.jpeg');\"\n                  class=\"col-item-left col-sm-6  col-lg-4 col-6\"><\/a>\n              <div class=\"col-item-right col-sm-6 col-lg-8 col-6\">\n                <h3><a class=\"is_pc\" title=\"ITNavi &#8211; Expanding capabilities with AWS\" href=\"https:\/\/vticloud.io\/en\/case_study\/itnavi-aws-case-study\/\">ITNavi &#8211; Expanding capabilities with AWS<\/a><\/h3>\n                  <p>ITNavi would need to migrate their current application and database to a new system on AWS which would improve the performance provides auto-scales, improves the security, availability, and reliability. ITNavi\u2019s executive also identifies scalability to be their top priority. Additionally, the platform needs to be easy to launch, and have a stable performance while saving [&hellip;]<\/p>\n                                      <div class=\"info case-study-tag\">\n                        <span class=\"tags-links\">Tags: <a href=\"https:\/\/vticloud.io\/en\/tag\/amazon-elasticsearch\/\" rel=\"tag\">amazon elasticsearch<\/a> <a href=\"https:\/\/vticloud.io\/en\/tag\/amazon-s3\/\" rel=\"tag\">Amazon S3<\/a> <a href=\"https:\/\/vticloud.io\/en\/tag\/aws-migration\/\" rel=\"tag\">AWS migration<\/a> <a href=\"https:\/\/vticloud.io\/en\/tag\/case-studies\/\" rel=\"tag\">case studies<\/a> <a href=\"https:\/\/vticloud.io\/en\/tag\/database\/\" rel=\"tag\">database<\/a> <a href=\"https:\/\/vticloud.io\/en\/tag\/database-migration\/\" rel=\"tag\">Database Migration<\/a><\/span>                    <\/div>\n                                <\/div>\n            <\/div>\n          <\/div>\n                                <\/div>\n  <center>\n    <a href=\"#\" data-get='[]'\n        class=\"btn btn-outline-info click_loadmore_casestudies\">View more<\/a>\n  <\/center>\n    [\/vc_column_text][\/vc_column][\/vc_row][\/vc_section]<\/p>","protected":false},"excerpt":{"rendered":"<p>[vc_section css=&#8221;.vc_custom_1614333878585{margin-top: 0px !important;margin-right: -30px !important;margin-left: -30px !important;}&#8221; el_class=&#8221;section&#8221;][vc_row][vc_column][vc_column_text][\/vc_column_text][\/vc_column][\/vc_row][vc_row][vc_column][vc_raw_html]JTNDZGl2JTIwY2xhc3MlM0QlMjJoZWFkZXIlMjB0ZXh0LWNlbnRlciUyMiUzRSUwQSUyMCUyMCUyMCUyMCUyMCUyMCUyMCUyMCUzQ2RpdiUyMGNsYXNzJTNEJTIyaGVhZGVyLWdyb3VwJTIyJTNFJTBBJTIwJTIwJTIwJTIwJTIwJTIwJTIwJTIwJTIwJTIwJTIwJTIwJTNDaDElM0VDYXNlJTIwU3R1ZGllcyUzQyUyRmgxJTNFJTBBJTIwJTIwJTIwJTIwJTIwJTIwJTIwJTIwJTIwJTIwJTIwJTIwJTNDcCUzRSUyNm5ic3AlM0IlMjZuYnNwJTNCJTNDJTJGcCUzRSUwQSUyMCUyMCUyMCUyMCUyMCUyMCUyMCUyMCUzQyUyRmRpdiUzRSUwQSUyMCUyMCUyMCUyMCUzQyUyRmRpdiUzRQ==[\/vc_raw_html][\/vc_column][\/vc_row][vc_row el_class=&#8221;container-custom&#8221;][vc_column][vc_column_text][\/vc_column_text][\/vc_column][\/vc_row][vc_row el_class=&#8221;container-custom&#8221;][vc_column][vc_column_text][\/vc_column_text][\/vc_column][\/vc_row][\/vc_section]<\/p>\n","protected":false},"author":1,"featured_media":0,"parent":0,"menu_order":0,"comment_status":"closed","ping_status":"closed","template":"fullwidth.php","meta":[],"_links":{"self":[{"href":"https:\/\/vticloud.io\/en\/wp-json\/wp\/v2\/pages\/1840"}],"collection":[{"href":"https:\/\/vticloud.io\/en\/wp-json\/wp\/v2\/pages"}],"about":[{"href":"https:\/\/vticloud.io\/en\/wp-json\/wp\/v2\/types\/page"}],"author":[{"embeddable":true,"href":"https:\/\/vticloud.io\/en\/wp-json\/wp\/v2\/users\/1"}],"replies":[{"embeddable":true,"href":"https:\/\/vticloud.io\/en\/wp-json\/wp\/v2\/comments?post=1840"}],"version-history":[{"count":0,"href":"https:\/\/vticloud.io\/en\/wp-json\/wp\/v2\/pages\/1840\/revisions"}],"wp:attachment":[{"href":"https:\/\/vticloud.io\/en\/wp-json\/wp\/v2\/media?parent=1840"}],"curies":[{"name":"wp","href":"https:\/\/api.w.org\/{rel}","templated":true}]}}