{"id":2271,"date":"2021-03-09T23:52:15","date_gmt":"2021-03-09T16:52:15","guid":{"rendered":"https:\/\/vticloud.io\/?page_id=2271"},"modified":"2021-04-13T09:17:44","modified_gmt":"2021-04-13T02:17:44","slug":"aws-solution-provider","status":"publish","type":"page","link":"https:\/\/vticloud.io\/en\/partners\/amazon-web-services-aws\/aws-solution-provider\/","title":{"rendered":"AWS Solution Provider Partner &#8211; VTI Cloud"},"content":{"rendered":"<p><\/p>\n<p>[vc_row css=&#8221;.vc_custom_1615390727534{margin-right: -15px !important;margin-left: -15px !important;}&#8221;][vc_column][vc_column_text]<\/p>\n  <div class=\"jumbotron\" style=\"background-image: url('https:\/\/vticloud.io\/wp-content\/uploads\/2021\/03\/APN_assets_APN_Header-Image_4.0c358e1c4b0bb442a72445971eb8cad144812544.png')\">\n    <div class=\"container\">\n      <div class=\"row\">\n        <div class=\"col-md-8 col-sm-12 col-sx-12 banner-contact-left\">\n          <div class=\"info-left\">\n            <p class=\"title-first mt-5\"> \/VTI CLOUD\/<\/p>\n            <p class=\"title-info\">AWS Solution Provider<\/p>\n                        <\/div>\n        <\/div>\n        <div class=\"col-md-4 col-sm-12 col-sx-12 banner-contact-right\">\n          <div class=\"info-right float-right\">\n            <div class=\"contact\">\n              <p>Contact<\/p>\n              <span class=\"icon-contact\"><i class=\"fas fa-phone-alt\"><\/i>+84-24-73068883<\/span>\n              <span class=\"icon-contact\"><i class=\"far fa-envelope\"><\/i>hello@vticloud.io<\/span>\n            <\/div>\n          <\/div>\n        <\/div>\n      <\/div>\n    <\/div>\n  <\/div>\n    \n<p>[\/vc_column_text][\/vc_column][\/vc_row][vc_row el_class=&#8221;section&#8221;][vc_column][vc_raw_html el_class=&#8221;section&#8221;]JTNDZGl2JTIwY2xhc3MlM0QlMjJoZWFkZXIlMjIlM0UlMEElM0NkaXYlMjBjbGFzcyUzRCUyMmNvbnRhaW5lciUyMiUzRSUwQSUyMCUyMCUyMCUyMCUyMCUyMCUyMCUyMCUzQ2RpdiUyMGNsYXNzJTNEJTIyaGVhZGVyLWdyb3VwJTIyJTNFJTBBJTIwJTIwJTIwJTIwJTIwJTIwJTIwJTIwJTIwJTIwJTIwJTIwJTNDZGl2JTNFJTBBJTIwJTIwJTIwJTIwJTIwJTIwJTIwJTIwJTIwJTIwJTIwJTIwJTIwJTIwJTIwJTIwJTNDaDElM0VWVEklMjBDbG91ZCUyMC0lMjBSZXB1dGFibGUlMjBwYXJ0bmVyJTIwaW4lMjBWaWV0bmFtJTNDJTJGaDElM0UlMEElMjAlMjAlMjAlMjAlMjAlMjAlMjAlMjAlMjAlMjAlMjAlMjAlMjAlMjAlMjAlMjAlM0NwJTNFQSUyMGxlYWRpbmclMjBBV1MlMjBzb2x1dGlvbiUyMHByb3ZpZGVyJTIwcGFydG5lciUzQyUyRnAlM0UlMEElMjAlMjAlMjAlMjAlMjAlMjAlMjAlMjAlMjAlMjAlMjAlMjAlM0MlMkZkaXYlM0UlMEElMjAlMjAlMjAlMjAlMjAlMjAlMjAlMjAlM0MlMkZkaXYlM0UlMEElM0MlMkZkaXYlM0UlMEElMjAlMjAlMjAlMjAlM0MlMkZkaXYlM0U=[\/vc_raw_html][vc_row_inner el_class=&#8221;container-custom&#8221;][vc_column_inner width=&#8221;1\/3&#8243;][vc_single_image image=&#8221;2168&#8243; img_size=&#8221;medium&#8221; alignment=&#8221;center&#8221;][\/vc_column_inner][vc_column_inner width=&#8221;2\/3&#8243;][vc_empty_space][vc_column_text]<\/p>\n<p>VTI Cloud &#8211; AWS Advanced Consulting Partner, is one of the leading AWS service deployment partners in Vietnam with the title of <strong>AWS Solution Provider.<\/strong> This title represents the non-stop effort in accompanying Vietnamese businesses in the digital transformation process and moving to the AWS cloud.<\/p>\n<p>Through the AWS Solution Provider program, VTI Cloud will be authorized to resell AWS services to end customers as part of our cloud solution. In addition, VTI Cloud is also authorized to manage services, support, and billing valid payments (billing service) for customers&#8217; Amazon Web Services (AWS) accounts.<\/p>\n<p>[\/vc_column_text][\/vc_column_inner][\/vc_row_inner][\/vc_column][\/vc_row][vc_row el_class=&#8221;section&#8221;][vc_column][vc_raw_html]JTNDZGl2JTIwY2xhc3MlM0QlMjJoZWFkZXIlMjIlM0UlMEElM0NkaXYlMjBjbGFzcyUzRCUyMmNvbnRhaW5lciUyMiUzRSUwQSUyMCUyMCUyMCUyMCUyMCUyMCUyMCUyMCUzQ2RpdiUyMGNsYXNzJTNEJTIyaGVhZGVyLWdyb3VwJTIyJTNFJTBBJTIwJTIwJTIwJTIwJTIwJTIwJTIwJTIwJTIwJTIwJTIwJTIwJTNDZGl2JTNFJTBBJTIwJTIwJTIwJTIwJTIwJTIwJTIwJTIwJTIwJTIwJTIwJTIwJTIwJTIwJTIwJTIwJTNDaDElM0VBYm91dCUyMEFXUyUyMFNvbHV0aW9uJTIwUHJvdmlkZXIlM0MlMkZoMSUzRSUwQSUyMCUyMCUyMCUyMCUyMCUyMCUyMCUyMCUyMCUyMCUyMCUyMCUyMCUyMCUyMCUyMCUzQ3AlM0VBJTIwUHJvZ3JhbSUyMG9mJTIwZXhwZXJpZW5jZWQlMjBwYXJ0bmVycyUzQyUyRnAlM0UlMEElMjAlMjAlMjAlMjAlMjAlMjAlMjAlMjAlMjAlMjAlMjAlMjAlM0MlMkZkaXYlM0UlMEElMjAlMjAlMjAlMjAlMjAlMjAlMjAlMjAlM0MlMkZkaXYlM0UlMEElM0MlMkZkaXYlM0UlMEElMjAlMjAlMjAlMjAlM0MlMkZkaXYlM0U=[\/vc_raw_html][\/vc_column][\/vc_row][vc_row el_class=&#8221;container-custom&#8221;][vc_column width=&#8221;1\/2&#8243;][vc_empty_space][vc_single_image image=&#8221;2320&#8243; img_size=&#8221;full&#8221; alignment=&#8221;center&#8221;][\/vc_column][vc_column width=&#8221;1\/2&#8243;][vc_column_text]<\/p>\n<p><strong>The AWS Solution Provider Program<\/strong> is designed for system integrators, managed service providers, and value-added resellers to provide AWS services to end customers as part of a differentiation solution. their.<\/p>\n<p>Under this program, Solution Providers are authorized to manage, service, support, and billing Amazon Web Services (AWS) accounts for end customers.<\/p>\n<p>The AWS Solution Provider program offers authorized solution partners a tiered discount structure based on a partner&#8217;s technical capabilities and success in driving new business, with options contract is flexible to meet the individual needs of the end customer and provides the partner with multiple AWS Support models to accompany the needs.<\/p>\n<p>[\/vc_column_text][\/vc_column][\/vc_row][vc_row el_class=&#8221;section&#8221;][vc_column][vc_raw_html]JTNDZGl2JTIwY2xhc3MlM0QlMjJoZWFkZXIlMjIlM0UlMEElM0NkaXYlMjBjbGFzcyUzRCUyMmNvbnRhaW5lciUyMiUzRSUwQSUyMCUyMCUyMCUyMCUyMCUyMCUyMCUyMCUzQ2RpdiUyMGNsYXNzJTNEJTIyaGVhZGVyLWdyb3VwJTIyJTNFJTBBJTIwJTIwJTIwJTIwJTIwJTIwJTIwJTIwJTIwJTIwJTIwJTIwJTNDaDElM0VXaHklMjBjdXN0b21lcnMlMjBuZWVkJTNDJTJGaDElM0UlMEElMjAlMjAlMjAlMjAlMjAlMjAlMjAlMjAlMjAlMjAlMjAlMjAlMjAlMjAlMjAlMjAlM0NwJTNFQVdTJTIwU29sdXRpb24lMjBQcm92aWRlciUzRiUzQyUyRnAlM0UlMEElMjAlMjAlMjAlMjAlMjAlMjAlMjAlMjAlMjAlMjAlMjAlMjAlM0MlMkZkaXYlM0UlMEElMjAlMjAlMjAlMjAlMjAlMjAlMjAlMjAlM0MlMkZkaXYlM0UlMEElM0MlMkZkaXYlM0UlMEElMjAlMjAlMjAlMjAlM0MlMkZkaXYlM0U=[\/vc_raw_html][\/vc_column][\/vc_row][vc_row el_class=&#8221;container-custom&#8221;][vc_column width=&#8221;1\/3&#8243;][vc_single_image source=&#8221;external_link&#8221; external_img_size=&#8221;100&#215;100&#8243; alignment=&#8221;center&#8221; custom_src=&#8221;https:\/\/d1.awsstatic.com\/icons\/100x100_build-tools.3cf230110e6e2041a26783dfefe4c8395d1b11ef.png&#8221;][vc_column_text]<\/p>\n<p style=\"text-align: center;\">Authorized partner to deliver end-to-end customer system optimization, administration, and services through AWS experience and tools authorized for VTI Cloud<\/p>\n<p>[\/vc_column_text][\/vc_column][vc_column width=&#8221;1\/3&#8243;][vc_single_image source=&#8221;external_link&#8221; external_img_size=&#8221;100&#215;100&#8243; alignment=&#8221;center&#8221; custom_src=&#8221;https:\/\/d1.awsstatic.com\/icons\/100x100_payment-money.3774334617d3503a02e9b29f1a3c25ceddac62fe.png&#8221;][vc_column_text]<\/p>\n<p style=\"text-align: center;\">Being duly billed by VTI Cloud for businesses when using AWS services at the most economical cost while still being provided with full support and cost optimization programs by VTI Cloud for free.<\/p>\n<p>[\/vc_column_text][\/vc_column][vc_column width=&#8221;1\/3&#8243;][vc_single_image source=&#8221;external_link&#8221; external_img_size=&#8221;100&#215;100&#8243; alignment=&#8221;center&#8221; custom_src=&#8221;https:\/\/d1.awsstatic.com\/icons\/100x100_call-to-action.b66148cf198692c4a559513ba08d8006f82a9e6f.png&#8221;][vc_column_text]<\/p>\n<p style=\"text-align: center;\">VTI Cloud has enough experience and capabilities to perform the optimization of the client&#8217;s system, and at the same time makes assessments based on the AWS Well-Architected Framework.<\/p>\n<p>[\/vc_column_text][\/vc_column][\/vc_row][vc_row el_class=&#8221;section&#8221;][vc_column][vc_raw_html]JTNDZGl2JTIwY2xhc3MlM0QlMjJoZWFkZXIlMjIlM0UlMEElM0NkaXYlMjBjbGFzcyUzRCUyMmNvbnRhaW5lciUyMiUzRSUwQSUyMCUyMCUyMCUyMCUyMCUyMCUyMCUyMCUzQ2RpdiUyMGNsYXNzJTNEJTIyaGVhZGVyLWdyb3VwJTIyJTNFJTBBJTIwJTIwJTIwJTIwJTIwJTIwJTIwJTIwJTIwJTIwJTIwJTIwJTNDZGl2JTNFJTBBJTIwJTIwJTIwJTIwJTIwJTIwJTIwJTIwJTIwJTIwJTIwJTIwJTIwJTIwJTIwJTIwJTNDaDElM0VDb250YWN0JTIwVlRJJTIwQ2xvdWQlM0MlMkZoMSUzRSUwQSUyMCUyMCUyMCUyMCUyMCUyMCUyMCUyMCUyMCUyMCUyMCUyMCUyMCUyMCUyMCUyMCUzQ3AlM0VGT1IlMjBDT05TVUxUQU5DWSUyME9OJTIwQVdTJTNDJTJGcCUzRSUwQSUyMCUyMCUyMCUyMCUyMCUyMCUyMCUyMCUyMCUyMCUyMCUyMCUzQyUyRmRpdiUzRSUwQSUyMCUyMCUyMCUyMCUyMCUyMCUyMCUyMCUzQyUyRmRpdiUzRSUwQSUzQyUyRmRpdiUzRSUwQSUyMCUyMCUyMCUyMCUzQyUyRmRpdiUzRQ==[\/vc_raw_html][vc_row_inner el_class=&#8221;container-custom&#8221;][vc_column_inner width=&#8221;1\/2&#8243;][vc_column_text el_class=&#8221;section&#8221;]<\/p>\n<h3 class=\"contact_title_page\"><strong>VTI Cloud contact information<\/strong><\/h3>\n<p><img class=\"emoji\" role=\"img\" draggable=\"false\" src=\"https:\/\/s.w.org\/images\/core\/emoji\/13.0.1\/svg\/1f3e0.svg\" alt=\"\ud83c\udfe0\" \/>\u00a06F, AC Building, 78 Duy Tan, Cau Giay, Hanoi<\/p>\n<p><img class=\"emoji\" role=\"img\" draggable=\"false\" src=\"https:\/\/s.w.org\/images\/core\/emoji\/13.0.1\/svg\/1f3e0.svg\" alt=\"\ud83c\udfe0\" \/>\u00a0Serepok Tower 56 Nguyen Dinh Chieu, District 1, HCMC<\/p>\n<p><img class=\"emoji\" role=\"img\" draggable=\"false\" src=\"https:\/\/s.w.org\/images\/core\/emoji\/13.0.1\/svg\/260e.svg\" alt=\"\u260e\ufe0f\" \/>\u00a0+84-24-73068883<\/p>\n<p><img class=\"emoji\" role=\"img\" draggable=\"false\" src=\"https:\/\/s.w.org\/images\/core\/emoji\/13.0.1\/svg\/1f4e7.svg\" alt=\"\ud83d\udce7\" \/>\u00a0hello@vticloud.io<\/p>\n<p>[\/vc_column_text][\/vc_column_inner][vc_column_inner width=&#8221;1\/2&#8243;][vc_column_text el_class=&#8221;section&#8221;]<\/p>\n<div role=\"form\" class=\"wpcf7\" id=\"wpcf7-f2135-o2\" lang=\"vi\" dir=\"ltr\">\n<div class=\"screen-reader-response\"><p role=\"status\" aria-live=\"polite\" aria-atomic=\"true\"><\/p> <ul><\/ul><\/div>\n<form action=\"\/en\/wp-json\/wp\/v2\/pages\/2271#wpcf7-f2135-o2\" method=\"post\" class=\"wpcf7-form init\" novalidate=\"novalidate\" data-status=\"init\">\n<div style=\"display: none;\">\n<input type=\"hidden\" name=\"_wpcf7\" value=\"2135\" \/>\n<input type=\"hidden\" name=\"_wpcf7_version\" value=\"5.4.2\" \/>\n<input type=\"hidden\" name=\"_wpcf7_locale\" value=\"vi\" \/>\n<input type=\"hidden\" name=\"_wpcf7_unit_tag\" value=\"wpcf7-f2135-o2\" \/>\n<input type=\"hidden\" name=\"_wpcf7_container_post\" value=\"0\" \/>\n<input type=\"hidden\" name=\"_wpcf7_posted_data_hash\" value=\"\" \/>\n<input type=\"hidden\" name=\"_wpcf7_recaptcha_response\" value=\"\" \/>\n<\/div>\n<div class=\"divh3\">\n<h3 class=\"form-title-form\">\u0110\u0103ng k\u00fd t\u01b0 v\u1ea5n<\/h3>\n<h6>Vui l\u00f2ng \u0111i\u1ec1n th\u00f4ng tin \u0111\u1ec3 VTI Cloud c\u00f3 th\u1ec3 h\u1ed7 tr\u1ee3 b\u1ea1n s\u1edbm nh\u1ea5t<\/h6>\n<\/div>\n<div class=\"form-body-contact\">\n<div class=\"form-group\">\n<label class=\"sr-only\" for=\"your-name\">H\u1ecd t\u00ean<\/label><br \/>\n<span class=\"wpcf7-form-control-wrap your-name\"><input type=\"text\" name=\"your-name\" value=\"\" size=\"40\" class=\"wpcf7-form-control wpcf7-text wpcf7-validates-as-required\" aria-required=\"true\" aria-invalid=\"false\" placeholder=\"H\u1ecd t\u00ean\" \/><\/span>\n<\/div>\n<div class=\"form-group\">\n<label class=\"sr-only\" for=\"your-email\">Email<\/label><br \/>\n<span class=\"wpcf7-form-control-wrap your-name\"><input type=\"email\" name=\"your-name\" value=\"\" size=\"40\" class=\"wpcf7-form-control wpcf7-text wpcf7-email wpcf7-validates-as-required wpcf7-validates-as-email\" aria-required=\"true\" aria-invalid=\"false\" placeholder=\"Email\" \/><\/span>\n<\/div>\n<div class=\"form-group\">\n<label class=\"sr-only\" for=\"your-phone-number\">\u0110i\u1ec7n tho\u1ea1i<\/label><br \/>\n<span class=\"wpcf7-form-control-wrap phone-number\"><input type=\"tel\" name=\"phone-number\" value=\"\" size=\"40\" class=\"wpcf7-form-control wpcf7-text wpcf7-tel wpcf7-validates-as-required wpcf7-validates-as-tel\" aria-required=\"true\" aria-invalid=\"false\" placeholder=\"\u0110i\u1ec7n tho\u1ea1i\" \/><\/span>\n<\/div>\n<div class=\"form-group\">\n<label class=\"sr-only\" for=\"your-message\">N\u1ed9i dung<\/label><br \/>\n<span class=\"wpcf7-form-control-wrap your-message\"><textarea name=\"your-message\" cols=\"40\" rows=\"10\" class=\"wpcf7-form-control wpcf7-textarea wpcf7-validates-as-required\" aria-required=\"true\" aria-invalid=\"false\" placeholder=\"N\u1ed9i dung\"><\/textarea><\/span>\n<\/div>\n<p><input type=\"submit\" value=\"G\u1eedi\" class=\"wpcf7-form-control wpcf7-submit btn-block btn-block-orange\" \/>\n<\/p><\/div>\n<div class=\"wpcf7-response-output\" aria-hidden=\"true\"><\/div><\/form><\/div>\n<p>[\/vc_column_text][\/vc_column_inner][\/vc_row_inner][\/vc_column][\/vc_row]<\/p>\n<p><\/p>","protected":false},"excerpt":{"rendered":"<p>[vc_row css=&#8221;.vc_custom_1615390727534{margin-right: -15px !important;margin-left: -15px !important;}&#8221;][vc_column][vc_column_text] [\/vc_column_text][\/vc_column][\/vc_row][vc_row el_class=&#8221;section&#8221;][vc_column][vc_raw_html el_class=&#8221;section&#8221;]JTNDZGl2JTIwY2xhc3MlM0QlMjJoZWFkZXIlMjIlM0UlMEElM0NkaXYlMjBjbGFzcyUzRCUyMmNvbnRhaW5lciUyMiUzRSUwQSUyMCUyMCUyMCUyMCUyMCUyMCUyMCUyMCUzQ2RpdiUyMGNsYXNzJTNEJTIyaGVhZGVyLWdyb3VwJTIyJTNFJTBBJTIwJTIwJTIwJTIwJTIwJTIwJTIwJTIwJTIwJTIwJTIwJTIwJTNDZGl2JTNFJTBBJTIwJTIwJTIwJTIwJTIwJTIwJTIwJTIwJTIwJTIwJTIwJTIwJTIwJTIwJTIwJTIwJTNDaDElM0VWVEklMjBDbG91ZCUyMC0lMjBSZXB1dGFibGUlMjBwYXJ0bmVyJTIwaW4lMjBWaWV0bmFtJTNDJTJGaDElM0UlMEElMjAlMjAlMjAlMjAlMjAlMjAlMjAlMjAlMjAlMjAlMjAlMjAlMjAlMjAlMjAlMjAlM0NwJTNFQSUyMGxlYWRpbmclMjBBV1MlMjBzb2x1dGlvbiUyMHByb3ZpZGVyJTIwcGFydG5lciUzQyUyRnAlM0UlMEElMjAlMjAlMjAlMjAlMjAlMjAlMjAlMjAlMjAlMjAlMjAlMjAlM0MlMkZkaXYlM0UlMEElMjAlMjAlMjAlMjAlMjAlMjAlMjAlMjAlM0MlMkZkaXYlM0UlMEElM0MlMkZkaXYlM0UlMEElMjAlMjAlMjAlMjAlM0MlMkZkaXYlM0U=[\/vc_raw_html][vc_row_inner el_class=&#8221;container-custom&#8221;][vc_column_inner width=&#8221;1\/3&#8243;][vc_single_image image=&#8221;2168&#8243; img_size=&#8221;medium&#8221; alignment=&#8221;center&#8221;][\/vc_column_inner][vc_column_inner width=&#8221;2\/3&#8243;][vc_empty_space][vc_column_text] VTI Cloud &#8211; AWS Advanced Consulting Partner, is one of the leading AWS service deployment partners in Vietnam with the title of AWS Solution Provider. This title represents the non-stop effort in accompanying Vietnamese businesses in the digital transformation process [&hellip;]<\/p>\n","protected":false},"author":5,"featured_media":2362,"parent":2096,"menu_order":0,"comment_status":"closed","ping_status":"closed","template":"fullwidth.php","meta":[],"_links":{"self":[{"href":"https:\/\/vticloud.io\/en\/wp-json\/wp\/v2\/pages\/2271"}],"collection":[{"href":"https:\/\/vticloud.io\/en\/wp-json\/wp\/v2\/pages"}],"about":[{"href":"https:\/\/vticloud.io\/en\/wp-json\/wp\/v2\/types\/page"}],"author":[{"embeddable":true,"href":"https:\/\/vticloud.io\/en\/wp-json\/wp\/v2\/users\/5"}],"replies":[{"embeddable":true,"href":"https:\/\/vticloud.io\/en\/wp-json\/wp\/v2\/comments?post=2271"}],"version-history":[{"count":0,"href":"https:\/\/vticloud.io\/en\/wp-json\/wp\/v2\/pages\/2271\/revisions"}],"up":[{"embeddable":true,"href":"https:\/\/vticloud.io\/en\/wp-json\/wp\/v2\/pages\/2096"}],"wp:featuredmedia":[{"embeddable":true,"href":"https:\/\/vticloud.io\/en\/wp-json\/wp\/v2\/media\/2362"}],"wp:attachment":[{"href":"https:\/\/vticloud.io\/en\/wp-json\/wp\/v2\/media?parent=2271"}],"curies":[{"name":"wp","href":"https:\/\/api.w.org\/{rel}","templated":true}]}}