{"id":2457,"date":"2021-03-29T00:08:53","date_gmt":"2021-03-28T17:08:53","guid":{"rendered":"http:\/\/vticloud.io\/?page_id=2457"},"modified":"2021-03-29T00:12:20","modified_gmt":"2021-03-28T17:12:20","slug":"aws-discount","status":"publish","type":"page","link":"https:\/\/vticloud.io\/en\/partners\/amazon-web-services-aws\/aws-discount\/","title":{"rendered":"AWS Discount"},"content":{"rendered":"<p><\/p>\n<p>[vc_row][vc_column][vc_column_text]<\/p>\n  <div class=\"jumbotron\" style=\"background-image: url('https:\/\/vticloud.io\/wp-content\/uploads\/2021\/03\/banner-aws-smb-migrate2.0-scaled.jpg')\">\n    <div class=\"container\">\n      <div class=\"row\">\n        <div class=\"col-md-8 col-sm-12 col-sx-12 banner-contact-left\">\n          <div class=\"info-left\">\n            <p class=\"title-first mt-5\"> \/Amazon Web Services &amp; VTI Cloud\/<\/p>\n            <p class=\"title-info\">Free credit to use up to 15,000 USD<\/p>\n                        <\/div>\n        <\/div>\n        <div class=\"col-md-4 col-sm-12 col-sx-12 banner-contact-right\">\n          <div class=\"info-right float-right\">\n            <div class=\"contact\">\n              <p>Li\u00ean h\u1ec7<\/p>\n              <span class=\"icon-contact\"><i class=\"fas fa-phone-alt\"><\/i>+84-24-73068883<\/span>\n              <span class=\"icon-contact\"><i class=\"far fa-envelope\"><\/i>hello@vticloud.io<\/span>\n            <\/div>\n          <\/div>\n        <\/div>\n      <\/div>\n    <\/div>\n  <\/div>\n    \n<p>[\/vc_column_text][vc_row_inner el_class=&#8221;container-custom&#8221;][vc_column_inner width=&#8221;1\/2&#8243;][vc_custom_heading text=&#8221;CHOOSE AMAZON WEB SERVICES<br \/>\nCHOOSE VTI CLOUD&#8221; font_container=&#8221;tag:h2|text_align:left|color:%23ff9900&#8243; use_theme_fonts=&#8221;yes&#8221;][vc_column_text el_class=&#8221;section&#8221;]<\/p>\n<p>As the AWS Advanced Consulting Partner and the first Immersion Day Partner in Vietnam with a team of experienced technicians.<\/p>\n<p>VTI Cloud is committed to providing customers with the best solution in their system transition to Amazon Web Services. We always understand the needs of customers and are ready to support customers 24\/7\/365.<\/p>\n<p>[\/vc_column_text][\/vc_column_inner][vc_column_inner width=&#8221;1\/2&#8243;][vc_custom_heading text=&#8221;\u0110\u0102NG K\u00dd NGAY&#8221; font_container=&#8221;tag:h2|text_align:center|color:%23ff9900&#8243; use_theme_fonts=&#8221;yes&#8221;][vc_column_text el_class=&#8221;section&#8221;]<\/p>\n<div role=\"form\" class=\"wpcf7\" id=\"wpcf7-f2465-o2\" lang=\"en-US\" dir=\"ltr\">\n<div class=\"screen-reader-response\"><p role=\"status\" aria-live=\"polite\" aria-atomic=\"true\"><\/p> <ul><\/ul><\/div>\n<form action=\"\/en\/wp-json\/wp\/v2\/pages\/2457#wpcf7-f2465-o2\" method=\"post\" class=\"wpcf7-form init\" novalidate=\"novalidate\" data-status=\"init\">\n<div style=\"display: none;\">\n<input type=\"hidden\" name=\"_wpcf7\" value=\"2465\" \/>\n<input type=\"hidden\" name=\"_wpcf7_version\" value=\"5.4.2\" \/>\n<input type=\"hidden\" name=\"_wpcf7_locale\" value=\"en_US\" \/>\n<input type=\"hidden\" name=\"_wpcf7_unit_tag\" value=\"wpcf7-f2465-o2\" \/>\n<input type=\"hidden\" name=\"_wpcf7_container_post\" value=\"0\" \/>\n<input type=\"hidden\" name=\"_wpcf7_posted_data_hash\" value=\"\" \/>\n<input type=\"hidden\" name=\"_wpcf7_recaptcha_response\" value=\"\" \/>\n<\/div>\n<div class=\"form-group\">\n   <label for=\"fullname\">Full name<\/label><br \/>\n   <span class=\"wpcf7-form-control-wrap fullname\"><input type=\"text\" name=\"fullname\" value=\"\" size=\"40\" class=\"wpcf7-form-control wpcf7-text wpcf7-validates-as-required\" aria-required=\"true\" aria-invalid=\"false\" placeholder=\"Enter your full name\" \/><\/span>\n<\/div>\n<div class=\"form-group\">\n   <label for=\"email\">Email address<\/label><br \/>\n   <span class=\"wpcf7-form-control-wrap your-email\"><input type=\"email\" name=\"your-email\" value=\"\" size=\"40\" class=\"wpcf7-form-control wpcf7-text wpcf7-email wpcf7-validates-as-required wpcf7-validates-as-email\" aria-required=\"true\" aria-invalid=\"false\" placeholder=\"Enter email address...\" \/><\/span>\n<\/div>\n<div class=\"form-group\">\n   <label for=\"your-phone\">Phone number<\/label><br \/>\n   <span class=\"wpcf7-form-control-wrap your-phone\"><input type=\"tel\" name=\"your-phone\" value=\"\" size=\"40\" class=\"wpcf7-form-control wpcf7-text wpcf7-tel wpcf7-validates-as-required wpcf7-validates-as-tel\" aria-required=\"true\" aria-invalid=\"false\" placeholder=\"Enter your phone number...\" \/><\/span>\n<\/div>\n<p><input type=\"submit\" value=\"Register\" class=\"wpcf7-form-control wpcf7-submit btn-block btn-block-orange\" \/><\/p>\n<div class=\"wpcf7-response-output\" aria-hidden=\"true\"><\/div><\/form><\/div>\n<p>[\/vc_column_text][\/vc_column_inner][\/vc_row_inner][\/vc_column][\/vc_row][vc_row el_class=&#8221;section&#8221;][vc_column][vc_raw_html el_class=&#8221;section&#8221;]JTNDZGl2JTIwY2xhc3MlM0QlMjJoZWFkZXIlMjIlM0UlMEElM0NkaXYlMjBjbGFzcyUzRCUyMmNvbnRhaW5lciUyMiUzRSUwQSUyMCUyMCUyMCUyMCUyMCUyMCUyMCUyMCUzQ2RpdiUyMGNsYXNzJTNEJTIyaGVhZGVyLWdyb3VwJTIyJTNFJTBBJTIwJTIwJTIwJTIwJTIwJTIwJTIwJTIwJTIwJTIwJTIwJTIwJTNDZGl2JTNFJTBBJTIwJTIwJTIwJTIwJTIwJTIwJTIwJTIwJTIwJTIwJTIwJTIwJTIwJTIwJTIwJTIwJTNDaDElM0VWVEklMjBDbG91ZCUyN3MlMjBFeHBlcmllbmNlJTNDJTJGaDElM0UlMEElMjAlMjAlMjAlMjAlMjAlMjAlMjAlMjAlMjAlMjAlMjAlMjAlMjAlMjAlMjAlMjAlM0NwJTNFT3VyJTIwQWNoaWV2ZW1lbnRzJTNDJTJGcCUzRSUwQSUyMCUyMCUyMCUyMCUyMCUyMCUyMCUyMCUyMCUyMCUyMCUyMCUzQyUyRmRpdiUzRSUwQSUyMCUyMCUyMCUyMCUyMCUyMCUyMCUyMCUzQyUyRmRpdiUzRSUwQSUzQyUyRmRpdiUzRSUwQSUyMCUyMCUyMCUyMCUzQyUyRmRpdiUzRQ==[\/vc_raw_html][vc_row_inner][vc_column_inner width=&#8221;1\/2&#8243;][vc_single_image image=&#8221;327&#8243; img_size=&#8221;full&#8221; alignment=&#8221;center&#8221;][\/vc_column_inner][vc_column_inner width=&#8221;1\/2&#8243;][vc_single_image image=&#8221;326&#8243; img_size=&#8221;full&#8221; alignment=&#8221;center&#8221;][\/vc_column_inner][\/vc_row_inner][vc_empty_space height=&#8221;50px&#8221;][\/vc_column][\/vc_row][vc_row][vc_column width=&#8221;1\/5&#8243;][\/vc_column][vc_column width=&#8221;3\/5&#8243;][vc_column_text]<\/p>\n<p style=\"text-align: center;\">With a team of more than 50+ certified engineers with professional deployment experience. VTI Cloud team confidently supports customers with consulting the following services:<\/p>\n<p>[\/vc_column_text][\/vc_column][vc_column width=&#8221;1\/5&#8243;][\/vc_column][\/vc_row][vc_row el_class=&#8221;container-custom&#8221;][vc_column width=&#8221;1\/4&#8243;][vc_single_image image=&#8221;2215&#8243; img_size=&#8221;medium&#8221; alignment=&#8221;center&#8221;][vc_column_text]<\/p>\n<p style=\"text-align: center;\">Data Engineering<\/p>\n<p>[\/vc_column_text][\/vc_column][vc_column width=&#8221;1\/4&#8243;][vc_single_image image=&#8221;2216&#8243; img_size=&#8221;medium&#8221; alignment=&#8221;center&#8221;][vc_column_text]<\/p>\n<p style=\"text-align: center;\">Landing Zone<\/p>\n<p>[\/vc_column_text][\/vc_column][vc_column width=&#8221;1\/4&#8243;][vc_single_image image=&#8221;2217&#8243; img_size=&#8221;medium&#8221; alignment=&#8221;center&#8221;][vc_column_text]<\/p>\n<p style=\"text-align: center;\">Machine Learning<\/p>\n<p>[\/vc_column_text][\/vc_column][vc_column width=&#8221;1\/4&#8243;][vc_single_image image=&#8221;2218&#8243; img_size=&#8221;medium&#8221; alignment=&#8221;center&#8221;][vc_column_text]<\/p>\n<p style=\"text-align: center;\">Serverless<\/p>\n<p>[\/vc_column_text][\/vc_column][\/vc_row][vc_row el_class=&#8221;container-custom&#8221;][vc_column width=&#8221;1\/4&#8243;][vc_single_image image=&#8221;2210&#8243; img_size=&#8221;medium&#8221; alignment=&#8221;center&#8221;][vc_column_text]<\/p>\n<p style=\"text-align: center;\">Databases<\/p>\n<p>[\/vc_column_text][\/vc_column][vc_column width=&#8221;1\/4&#8243;][vc_single_image image=&#8221;2212&#8243; img_size=&#8221;medium&#8221; alignment=&#8221;center&#8221;][vc_column_text]<\/p>\n<p style=\"text-align: center;\">Containers<\/p>\n<p>[\/vc_column_text][\/vc_column][vc_column width=&#8221;1\/4&#8243;][vc_single_image image=&#8221;2213&#8243; img_size=&#8221;medium&#8221; alignment=&#8221;center&#8221;][vc_column_text]<\/p>\n<p style=\"text-align: center;\">DevOps<\/p>\n<p>[\/vc_column_text][\/vc_column][vc_column width=&#8221;1\/4&#8243;][vc_single_image image=&#8221;2214&#8243; img_size=&#8221;medium&#8221; alignment=&#8221;center&#8221;][vc_column_text]<\/p>\n<p style=\"text-align: center;\">Bigdata\/ Data Analytics<\/p>\n<p>[\/vc_column_text][\/vc_column][\/vc_row][vc_row el_class=&#8221;section&#8221;][vc_column][vc_raw_html]JTNDZGl2JTIwY2xhc3MlM0QlMjJoZWFkZXIlMjIlM0UlMEElM0NkaXYlMjBjbGFzcyUzRCUyMmNvbnRhaW5lciUyMiUzRSUwQSUyMCUyMCUyMCUyMCUyMCUyMCUyMCUyMCUzQ2RpdiUyMGNsYXNzJTNEJTIyaGVhZGVyLWdyb3VwJTIyJTNFJTBBJTIwJTIwJTIwJTIwJTIwJTIwJTIwJTIwJTIwJTIwJTIwJTIwJTNDZGl2JTNFJTBBJTIwJTIwJTIwJTIwJTIwJTIwJTIwJTIwJTIwJTIwJTIwJTIwJTIwJTIwJTIwJTIwJTNDaDElM0VPVVIlMjBPRkZFUlMlM0MlMkZoMSUzRSUwQSUyMCUyMCUyMCUyMCUyMCUyMCUyMCUyMCUyMCUyMCUyMCUyMCUyMCUyMCUyMCUyMCUzQ3AlM0VXaGVuJTIwbWlncmF0aW5nJTIwc3lzdGVtcyUyMHdpdGglMjBWVEklMjBDbG91ZCUzQyUyRnAlM0UlMEElMjAlMjAlMjAlMjAlMjAlMjAlMjAlMjAlMjAlMjAlMjAlMjAlM0MlMkZkaXYlM0UlMEElMjAlMjAlMjAlMjAlMjAlMjAlMjAlMjAlM0MlMkZkaXYlM0UlMEElM0MlMkZkaXYlM0UlMEElMjAlMjAlMjAlMjAlM0MlMkZkaXYlM0U=[\/vc_raw_html][\/vc_column][\/vc_row][vc_row el_class=&#8221;container-custom&#8221;][vc_column width=&#8221;1\/3&#8243;][vc_single_image source=&#8221;external_link&#8221; external_img_size=&#8221;100&#215;100&#8243; alignment=&#8221;center&#8221; custom_src=&#8221;https:\/\/d1.awsstatic.com\/icons\/100x100_payment-money.3774334617d3503a02e9b29f1a3c25ceddac62fe.png&#8221;][vc_column_text]<\/p>\n<p style=\"text-align: center;\">Credit up to 15,000 USD<\/p>\n<p>[\/vc_column_text][\/vc_column][vc_column width=&#8221;1\/3&#8243;][vc_single_image source=&#8221;external_link&#8221; external_img_size=&#8221;100&#215;100&#8243; alignment=&#8221;center&#8221; custom_src=&#8221;https:\/\/d1.awsstatic.com\/icons\/100x100_call-to-action.b66148cf198692c4a559513ba08d8006f82a9e6f.png&#8221;][vc_column_text]<\/p>\n<p style=\"text-align: center;\">Support to issue valid invoices<\/p>\n<p>[\/vc_column_text][\/vc_column][vc_column width=&#8221;1\/3&#8243;][vc_single_image source=&#8221;external_link&#8221; external_img_size=&#8221;100&#215;100&#8243; alignment=&#8221;center&#8221; custom_src=&#8221;https:\/\/d1.awsstatic.com\/icons\/100x100_build-tools.3cf230110e6e2041a26783dfefe4c8395d1b11ef.png&#8221;][vc_column_text]<\/p>\n<p style=\"text-align: center;\">Get support package up to 25 hours \/ month (24\/7\/365)<\/p>\n<p>[\/vc_column_text][\/vc_column][\/vc_row][vc_row el_class=&#8221;section&#8221;][vc_column][vc_raw_html]JTNDZGl2JTIwY2xhc3MlM0QlMjJoZWFkZXIlMjIlM0UlMEElM0NkaXYlMjBjbGFzcyUzRCUyMmNvbnRhaW5lciUyMiUzRSUwQSUyMCUyMCUyMCUyMCUyMCUyMCUyMCUyMCUzQ2RpdiUyMGNsYXNzJTNEJTIyaGVhZGVyLWdyb3VwJTIyJTNFJTBBJTIwJTIwJTIwJTIwJTIwJTIwJTIwJTIwJTIwJTIwJTIwJTIwJTNDZGl2JTNFJTBBJTIwJTIwJTIwJTIwJTIwJTIwJTIwJTIwJTIwJTIwJTIwJTIwJTIwJTIwJTIwJTIwJTNDaDElM0VDb250YWN0JTIwVlRJJTIwQ2xvdWQlM0MlMkZoMSUzRSUwQSUyMCUyMCUyMCUyMCUyMCUyMCUyMCUyMCUyMCUyMCUyMCUyMCUyMCUyMCUyMCUyMCUzQ3AlM0VXaGVuJTIweW91JTIwaGF2ZSUyMHRoZSUyMGZvbGxvd2luZyUyMG5lZWRzJTNDJTJGcCUzRSUwQSUyMCUyMCUyMCUyMCUyMCUyMCUyMCUyMCUyMCUyMCUyMCUyMCUzQyUyRmRpdiUzRSUwQSUyMCUyMCUyMCUyMCUyMCUyMCUyMCUyMCUzQyUyRmRpdiUzRSUwQSUzQyUyRmRpdiUzRSUwQSUyMCUyMCUyMCUyMCUzQyUyRmRpdiUzRQ==[\/vc_raw_html][\/vc_column][\/vc_row][vc_row el_class=&#8221;container-custom&#8221;][vc_column width=&#8221;1\/3&#8243;][vc_custom_heading text=&#8221;Migrating systems to AWS&#8221; font_container=&#8221;tag:h2|text_align:center|color:%23ff9900&#8243; use_theme_fonts=&#8221;yes&#8221;][vc_column_text]<\/p>\n<p style=\"text-align: center;\">Do you have your own system on GCP, Azure, Vultr, Digital Ocean or On-Premises and need to migrate to AWS?<\/p>\n<p>[\/vc_column_text][\/vc_column][vc_column width=&#8221;1\/3&#8243;][vc_custom_heading text=&#8221;Getting started or learn about AWS&#8221; font_container=&#8221;tag:h2|text_align:center|color:%23ff9900&#8243; use_theme_fonts=&#8221;yes&#8221;][vc_column_text]<\/p>\n<p style=\"text-align: center;\">You are a business wishing to use Amazon Web Services and do not know where to start.<\/p>\n<p>[\/vc_column_text][\/vc_column][vc_column width=&#8221;1\/3&#8243;][vc_custom_heading text=&#8221;Finding a reputable AWS partner&#8221; font_container=&#8221;tag:h2|text_align:center|color:%23ff9900&#8243; use_theme_fonts=&#8221;yes&#8221;][vc_column_text]<\/p>\n<p style=\"text-align: center;\">You are using Public Cloud but have not found a reputable Partner and quality support, come right to VTI Cloud.<\/p>\n<p>[\/vc_column_text][\/vc_column][\/vc_row]<\/p>\n<p><\/p>","protected":false},"excerpt":{"rendered":"<p>[vc_row][vc_column][vc_column_text] [\/vc_column_text][vc_row_inner el_class=&#8221;container-custom&#8221;][vc_column_inner width=&#8221;1\/2&#8243;][vc_custom_heading text=&#8221;CHOOSE AMAZON WEB SERVICES CHOOSE VTI CLOUD&#8221; font_container=&#8221;tag:h2|text_align:left|color:%23ff9900&#8243; use_theme_fonts=&#8221;yes&#8221;][vc_column_text el_class=&#8221;section&#8221;] As the AWS Advanced Consulting Partner and the first Immersion Day Partner in Vietnam with a team of experienced technicians. VTI Cloud is committed to providing customers with the best solution in their system transition to Amazon Web Services. We always [&hellip;]<\/p>\n","protected":false},"author":5,"featured_media":2459,"parent":2096,"menu_order":0,"comment_status":"closed","ping_status":"closed","template":"fullwidth.php","meta":[],"_links":{"self":[{"href":"https:\/\/vticloud.io\/en\/wp-json\/wp\/v2\/pages\/2457"}],"collection":[{"href":"https:\/\/vticloud.io\/en\/wp-json\/wp\/v2\/pages"}],"about":[{"href":"https:\/\/vticloud.io\/en\/wp-json\/wp\/v2\/types\/page"}],"author":[{"embeddable":true,"href":"https:\/\/vticloud.io\/en\/wp-json\/wp\/v2\/users\/5"}],"replies":[{"embeddable":true,"href":"https:\/\/vticloud.io\/en\/wp-json\/wp\/v2\/comments?post=2457"}],"version-history":[{"count":0,"href":"https:\/\/vticloud.io\/en\/wp-json\/wp\/v2\/pages\/2457\/revisions"}],"up":[{"embeddable":true,"href":"https:\/\/vticloud.io\/en\/wp-json\/wp\/v2\/pages\/2096"}],"wp:featuredmedia":[{"embeddable":true,"href":"https:\/\/vticloud.io\/en\/wp-json\/wp\/v2\/media\/2459"}],"wp:attachment":[{"href":"https:\/\/vticloud.io\/en\/wp-json\/wp\/v2\/media?parent=2457"}],"curies":[{"name":"wp","href":"https:\/\/api.w.org\/{rel}","templated":true}]}}