{"id":340,"date":"2020-10-01T12:51:26","date_gmt":"2020-10-01T05:51:26","guid":{"rendered":"http:\/\/vticloud-test.tk\/?page_id=340"},"modified":"2021-03-18T09:57:29","modified_gmt":"2021-03-18T02:57:29","slug":"news-events","status":"publish","type":"page","link":"https:\/\/vticloud.io\/en\/news-events\/","title":{"rendered":"News &#038; Events"},"content":{"rendered":"<p><\/p>\n<p>[vc_row][vc_column][vc_column_text css=&#8221;.vc_custom_1608626689193{margin-right: -15px !important;margin-left: -15px !important;}&#8221;]<\/p>\n  <div class=\"jumbotron\" style=\"background-image: url('https:\/\/vticloud.io\/wp-content\/uploads\/2021\/12\/AWS-Container_Banner-Master-scaled.jpg')\">\n    <div class=\"container\">\n      <div class=\"row\">\n        <div class=\"col-md-8 col-sm-12 col-sx-12 banner-contact-left\">\n          <div class=\"info-left\">\n            <p class=\"title-first mt-5\"> \/VTI Cloud\/<\/p>\n            <p class=\"title-info\">News &amp; Events<\/p>\n                        <\/div>\n        <\/div>\n        <div class=\"col-md-4 col-sm-12 col-sx-12 banner-contact-right\">\n          <div class=\"info-right float-right\">\n            <div class=\"contact\">\n              <p>Contact Us<\/p>\n              <span class=\"icon-contact\"><i class=\"fas fa-phone-alt\"><\/i>+84-24-73068883<\/span>\n              <span class=\"icon-contact\"><i class=\"far fa-envelope\"><\/i>hello@vticloud.io<\/span>\n            <\/div>\n          <\/div>\n        <\/div>\n      <\/div>\n    <\/div>\n  <\/div>\n    \n<p>[\/vc_column_text][\/vc_column][\/vc_row][vc_row el_class=&#8221;section&#8221;][vc_column][vc_raw_html]JTNDZGl2JTIwY2xhc3MlM0QlMjJoZWFkZXIlMjAlMjB0ZXh0LWNlbnRlciUyMiUzRSUwQSUzQ2RpdiUyMGNsYXNzJTNEJTIyY29udGFpbmVyJTIyJTNFJTBBJTIwJTIwJTIwJTIwJTIwJTIwJTIwJTIwJTNDZGl2JTIwY2xhc3MlM0QlMjJoZWFkZXItZ3JvdXAlMjIlM0UlMEElMjAlMjAlMjAlMjAlMjAlMjAlMjAlMjAlMjAlMjAlMjAlMjAlM0NkaXYlM0UlMEElMjAlMjAlMjAlMjAlMjAlMjAlMjAlMjAlMjAlMjAlMjAlMjAlMjAlMjAlMjAlMjAlM0NoMSUzRU5ld3MlM0MlMkZoMSUzRSUwQSUyMCUyMCUyMCUyMCUyMCUyMCUyMCUyMCUyMCUyMCUyMCUyMCUyMCUyMCUyMCUyMCUzQ3AlM0V3aGF0JUUyJTgwJTk5cyUyMHVwJTIwYXQlMjBWVEklMjBDbG91ZCUzQyUyRnAlM0UlMEElMjAlMjAlMjAlMjAlMjAlMjAlMjAlMjAlMjAlMjAlMjAlMjAlM0MlMkZkaXYlM0UlMEElMjAlMjAlMjAlMjAlMjAlMjAlMjAlMjAlM0MlMkZkaXYlM0UlMEElM0MlMkZkaXYlM0UlMEElMjAlMjAlMjAlMjAlM0MlMkZkaXYlM0U=[\/vc_raw_html][\/vc_column][\/vc_row][vc_section][vc_row el_class=&#8221;container-custom&#8221;][vc_column][vc_column_text]<div class=\"row\">                <div class=\"col-lg-4 col-sm-12 col-md-4 new-shortcode-item\">\n                    <div class=\"card mb-2\">\n                                                <a href=\"https:\/\/vticloud.io\/en\/news_events\/vti-cloud-tu-hao-so-huu-doi-ngu-100-ky-su-dat-chung-chi-aws\/\" >\n                        <div class=\"card-image image-thumbnail-news\" style=\"background-image: url('https:\/\/vticloud.io\/wp-content\/uploads\/2021\/03\/CLOUD-AWS-CERT-100-03-03.png')\">\n                        <\/div>\n                        <\/a>\n                        <div class=\"card-body card-body-2 pt-0\">\n                            <h4 class=\"card-title\" data-toggle=\"tooltip\"  title=\"VTI CLOUD T\u1ef0 H\u00c0O S\u1ede H\u1eeeU \u0110\u1ed8I NG\u0168 100+ K\u1ef8 S\u01af \u0110\u1ea0T CH\u1ee8NG CH\u1ec8 AWS\">\n                                <a href=\"https:\/\/vticloud.io\/en\/news_events\/vti-cloud-tu-hao-so-huu-doi-ngu-100-ky-su-dat-chung-chi-aws\/\" >VTI CLOUD T\u1ef0 H\u00c0O S\u1ede H\u1eeeU \u0110\u1ed8I NG\u0168 100+ K\u1ef8 S\u01af \u0110\u1ea0T CH\u1ee8NG CH\u1ec8 AWS<\/a>\n                            <\/h4>\n                            <p class=\"card-text\">VTI Cloud l\u00e0 m\u1ed9t trong nh\u1eefng \u0111\u01a1n v\u1ecb hi\u1ebfm hoi s\u1edf h\u1eefu \u0111\u1ed9i ng\u0169 k\u1ef9 s\u01b0 \u0111\u1ea1t ch\u1ee9ng ch\u1ec9 AWS...<\/p>\n                            <a class=\"permalink-readmore\" href=\"https:\/\/vticloud.io\/en\/news_events\/vti-cloud-tu-hao-so-huu-doi-ngu-100-ky-su-dat-chung-chi-aws\/\" >\n                                <span>Read more<\/span> <i class=\"fa fa-angle-double-right\" aria-hidden=\"true\"><\/i>\n                            <\/a>\n                        <\/div>\n                    <\/div>\n                <\/div>\n                            <div class=\"col-lg-4 col-sm-12 col-md-4 new-shortcode-item\">\n                    <div class=\"card mb-2\">\n                                                <a href=\"https:\/\/vticloud.io\/en\/news_events\/vti-cloud-chinh-thuc-tro-thanh-gold-partner-cua-microsoft\/\" >\n                        <div class=\"card-image image-thumbnail-news\" style=\"background-image: url('https:\/\/vticloud.io\/wp-content\/uploads\/2021\/03\/Microsoft-Partner_Noti-scaled.jpg')\">\n                        <\/div>\n                        <\/a>\n                        <div class=\"card-body card-body-2 pt-0\">\n                            <h4 class=\"card-title\" data-toggle=\"tooltip\"  title=\"(VN) VTI Cloud ch\u00ednh th\u1ee9c tr\u1edf th\u00e0nh Gold Partner c\u1ee7a Microsoft\">\n                                <a href=\"https:\/\/vticloud.io\/en\/news_events\/vti-cloud-chinh-thuc-tro-thanh-gold-partner-cua-microsoft\/\" >(VN) VTI Cloud ch\u00ednh th\u1ee9c tr\u1edf th\u00e0nh Gold Partner c\u1ee7a Microsoft<\/a>\n                            <\/h4>\n                            <p class=\"card-text\">(VN) Tr\u1edf th\u00e0nh Gold Partner c\u1ee7a Microsoft trong l\u0129nh v\u1ef1c Data analytics, VTI Cloud ng\u00e0y c\u00e0ng kh\u1eb3ng \u0111\u1ecbnh n\u0103ng l\u1ef1c...<\/p>\n                            <a class=\"permalink-readmore\" href=\"https:\/\/vticloud.io\/en\/news_events\/vti-cloud-chinh-thuc-tro-thanh-gold-partner-cua-microsoft\/\" >\n                                <span>Read more<\/span> <i class=\"fa fa-angle-double-right\" aria-hidden=\"true\"><\/i>\n                            <\/a>\n                        <\/div>\n                    <\/div>\n                <\/div>\n                            <div class=\"col-lg-4 col-sm-12 col-md-4 new-shortcode-item\">\n                    <div class=\"card mb-2\">\n                                                <a href=\"https:\/\/vticloud.io\/en\/news_events\/whats-new-in-the-cloud-07-2021\/\" >\n                        <div class=\"card-image image-thumbnail-news\" style=\"background-image: url('https:\/\/vticloud.io\/wp-content\/uploads\/2021\/07\/Violet-Gradient-Technology-ProfessionalBusiness-Services-LinkedIn-Single-Image-Ad.png')\">\n                        <\/div>\n                        <\/a>\n                        <div class=\"card-body card-body-2 pt-0\">\n                            <h4 class=\"card-title\" data-toggle=\"tooltip\"  title=\"WHAT&#8217;S NEW IN THE CLOUD? &#8211; 07.2021\">\n                                <a href=\"https:\/\/vticloud.io\/en\/news_events\/whats-new-in-the-cloud-07-2021\/\" >WHAT&#8217;S NEW IN THE CLOUD? &#8211; 07.2021<\/a>\n                            <\/h4>\n                            <p class=\"card-text\">Stay tuned for AWS news highlights in June with a series of new service updates from AWS and exciting Blogs...<\/p>\n                            <a class=\"permalink-readmore\" href=\"https:\/\/vticloud.io\/en\/news_events\/whats-new-in-the-cloud-07-2021\/\" >\n                                <span>Read more<\/span> <i class=\"fa fa-angle-double-right\" aria-hidden=\"true\"><\/i>\n                            <\/a>\n                        <\/div>\n                    <\/div>\n                <\/div>\n            <\/div><div class=\"clearfix\"><\/div><div class=\"text-center btn-news-events\"><a class=\"btn-showall\" href=\"\/news-event-category\/?termid=12\">View more<\/a><\/div>[\/vc_column_text][\/vc_column][\/vc_row][\/vc_section][vc_row el_class=&#8221;section&#8221;][vc_column][vc_raw_html]JTNDZGl2JTIwY2xhc3MlM0QlMjJoZWFkZXIlMjAlMjB0ZXh0LWNlbnRlciUyMiUzRSUwQSUzQ2RpdiUyMGNsYXNzJTNEJTIyY29udGFpbmVyJTIyJTNFJTBBJTIwJTIwJTIwJTIwJTIwJTIwJTIwJTIwJTNDZGl2JTIwY2xhc3MlM0QlMjJoZWFkZXItZ3JvdXAlMjIlM0UlMEElMjAlMjAlMjAlMjAlMjAlMjAlMjAlMjAlMjAlMjAlMjAlMjAlM0NkaXYlM0UlMEElMjAlMjAlMjAlMjAlMjAlMjAlMjAlMjAlMjAlMjAlMjAlMjAlMjAlMjAlMjAlMjAlM0NoMSUzRUV2ZW50cyUzQyUyRmgxJTNFJTBBJTIwJTIwJTIwJTIwJTIwJTIwJTIwJTIwJTIwJTIwJTIwJTIwJTIwJTIwJTIwJTIwJTNDcCUzRXdoYXQlRTIlODAlOTlzJTIwdXAlMjBhdCUyMFZUSSUyMENsb3VkJTNDJTJGcCUzRSUwQSUyMCUyMCUyMCUyMCUyMCUyMCUyMCUyMCUyMCUyMCUyMCUyMCUzQyUyRmRpdiUzRSUwQSUyMCUyMCUyMCUyMCUyMCUyMCUyMCUyMCUzQyUyRmRpdiUzRSUwQSUzQyUyRmRpdiUzRSUwQSUyMCUyMCUyMCUyMCUzQyUyRmRpdiUzRQ==[\/vc_raw_html][\/vc_column][\/vc_row][vc_section][vc_row el_class=&#8221;container-custom&#8221;][vc_column][vc_column_text]<div class=\"item-list-event\">        <div class=\"row\" style=\"margin-bottom: 20px\">\n            <div class=\"col-xs-12 col-md-4 event-image\">\n                <a href=\"https:\/\/vticloud.io\/en\/news_events\/test\/\" >\n                <img width=\"300\" height=\"169\" src=\"https:\/\/vticloud.io\/wp-content\/uploads\/2021\/03\/image2-1-300x169.jpg\" class=\"card-img-top wp-post-image\" alt=\"hybridcloud-la-gi-doanh-nghiep-nao-nen-trien-khai-hybridcloud\" loading=\"lazy\" style=\"height: auto\" srcset=\"https:\/\/vticloud.io\/wp-content\/uploads\/2021\/03\/image2-1-300x169.jpg 300w, https:\/\/vticloud.io\/wp-content\/uploads\/2021\/03\/image2-1-768x432.jpg 768w, https:\/\/vticloud.io\/wp-content\/uploads\/2021\/03\/image2-1.jpg 1024w\" sizes=\"(max-width: 300px) 100vw, 300px\" \/>                <span class=\"label\">(VN) Zoom Webinar<\/span>\n                <\/a>\n            <\/div>\n            <div class=\"col-xs-12 col-md-8 card-body card-body-2 pt-0\">\n                <p class=\"event-date\"><span class=\"event_date_past\">Fri, Sep 22, 2023 <span>Past event<\/span><\/span><\/p>\n                <h4 class=\"card-title\" data-toggle=\"tooltip\"  title=\"(VN) test\">\n                    <a href=\"https:\/\/vticloud.io\/en\/news_events\/test\/\" >(VN) test<\/a>\n                <\/h4>\n                <p class=\"card-text\">Sorry, this entry is only available in Vietnamese.<\/p>\n                <div class=\"clearfix\"><\/div>\n                <span class=\"event_location\"><span>Location : <\/span>(VN) Zoom Webinar<\/span>\n            <\/div>\n        <\/div>\n                <div class=\"row\" style=\"margin-bottom: 20px\">\n            <div class=\"col-xs-12 col-md-4 event-image\">\n                <a href=\"https:\/\/vticloud.io\/en\/news_events\/tech-sharing-best-practices-for-making-an-amazon-rds-migration-go-smoothly\/\" >\n                <img width=\"300\" height=\"156\" src=\"https:\/\/vticloud.io\/wp-content\/uploads\/2021\/11\/RDS-Migrations_Banner-master-300x156.jpg\" class=\"card-img-top wp-post-image\" alt=\"\" loading=\"lazy\" style=\"height: auto\" srcset=\"https:\/\/vticloud.io\/wp-content\/uploads\/2021\/11\/RDS-Migrations_Banner-master-300x156.jpg 300w, https:\/\/vticloud.io\/wp-content\/uploads\/2021\/11\/RDS-Migrations_Banner-master-1024x534.jpg 1024w, https:\/\/vticloud.io\/wp-content\/uploads\/2021\/11\/RDS-Migrations_Banner-master-768x400.jpg 768w, https:\/\/vticloud.io\/wp-content\/uploads\/2021\/11\/RDS-Migrations_Banner-master-1536x801.jpg 1536w, https:\/\/vticloud.io\/wp-content\/uploads\/2021\/11\/RDS-Migrations_Banner-master-2048x1067.jpg 2048w\" sizes=\"(max-width: 300px) 100vw, 300px\" \/>                <span class=\"label\">(VN) GoToWebinar<\/span>\n                <\/a>\n            <\/div>\n            <div class=\"col-xs-12 col-md-8 card-body card-body-2 pt-0\">\n                <p class=\"event-date\"><span class=\"event_date_past\">Thu, May 26, 2022 <span>Past event<\/span><\/span><\/p>\n                <h4 class=\"card-title\" data-toggle=\"tooltip\"  title=\"(VN) [Tech Sharing] Best Practices for Making an Amazon RDS Migration Go Smoothly\">\n                    <a href=\"https:\/\/vticloud.io\/en\/news_events\/tech-sharing-best-practices-for-making-an-amazon-rds-migration-go-smoothly\/\" >(VN) [Tech Sharing] Best Practices for Making an Amazon RDS Migration Go Smoothly<\/a>\n                <\/h4>\n                <p class=\"card-text\">Sorry, this entry is only available in Vietnamese.<\/p>\n                <div class=\"clearfix\"><\/div>\n                <span class=\"event_location\"><span>Location : <\/span>(VN) GoToWebinar<\/span>\n            <\/div>\n        <\/div>\n                <div class=\"row\" style=\"margin-bottom: 20px\">\n            <div class=\"col-xs-12 col-md-4 event-image\">\n                <a href=\"https:\/\/vticloud.io\/en\/news_events\/tech-sharing-aws-containers-chia-khoa-phat-trien-ung-dung-cloud-native-hien-dai\/\" >\n                <img width=\"300\" height=\"156\" src=\"https:\/\/vticloud.io\/wp-content\/uploads\/2021\/12\/AWS-Container_Banner-Master-300x156.jpg\" class=\"card-img-top wp-post-image\" alt=\"\" loading=\"lazy\" style=\"height: auto\" srcset=\"https:\/\/vticloud.io\/wp-content\/uploads\/2021\/12\/AWS-Container_Banner-Master-300x156.jpg 300w, https:\/\/vticloud.io\/wp-content\/uploads\/2021\/12\/AWS-Container_Banner-Master-1024x533.jpg 1024w, https:\/\/vticloud.io\/wp-content\/uploads\/2021\/12\/AWS-Container_Banner-Master-768x400.jpg 768w, https:\/\/vticloud.io\/wp-content\/uploads\/2021\/12\/AWS-Container_Banner-Master-1536x800.jpg 1536w, https:\/\/vticloud.io\/wp-content\/uploads\/2021\/12\/AWS-Container_Banner-Master-2048x1067.jpg 2048w\" sizes=\"(max-width: 300px) 100vw, 300px\" \/>                <span class=\"label\">(VN) Go To Webinar<\/span>\n                <\/a>\n            <\/div>\n            <div class=\"col-xs-12 col-md-8 card-body card-body-2 pt-0\">\n                <p class=\"event-date\"><span class=\"event_date_past\">Thu, Mar 24, 2022 <span>Past event<\/span><\/span><\/p>\n                <h4 class=\"card-title\" data-toggle=\"tooltip\"  title=\"(VN) [Tech Sharing] AWS Containers &#8211; Ch\u00eca kh\u00f3a ph\u00e1t tri\u1ec3n \u1ee9ng d\u1ee5ng Cloud Native hi\u1ec7n \u0111\u1ea1i\">\n                    <a href=\"https:\/\/vticloud.io\/en\/news_events\/tech-sharing-aws-containers-chia-khoa-phat-trien-ung-dung-cloud-native-hien-dai\/\" >(VN) [Tech Sharing] AWS Containers &#8211; Ch\u00eca kh\u00f3a ph\u00e1t tri\u1ec3n \u1ee9ng d\u1ee5ng Cloud Native hi\u1ec7n \u0111\u1ea1i<\/a>\n                <\/h4>\n                <p class=\"card-text\">Sorry, this entry is only available in Vietnamese.<\/p>\n                <div class=\"clearfix\"><\/div>\n                <span class=\"event_location\"><span>Location : <\/span>(VN) Go To Webinar<\/span>\n            <\/div>\n        <\/div>\n        <\/div><div class=\"clearfix\"><\/div><div class=\"text-center btn-news-events\"><a class=\"btn-showall\" href=\"\/news-event-category\/?termid=11\">View more<\/a><\/div>[\/vc_column_text][\/vc_column][\/vc_row][\/vc_section]<\/p>\n<p><\/p>","protected":false},"excerpt":{"rendered":"<p>[vc_row][vc_column][vc_column_text css=&#8221;.vc_custom_1608626689193{margin-right: -15px !important;margin-left: -15px !important;}&#8221;] [\/vc_column_text][\/vc_column][\/vc_row][vc_row el_class=&#8221;section&#8221;][vc_column][vc_raw_html]JTNDZGl2JTIwY2xhc3MlM0QlMjJoZWFkZXIlMjAlMjB0ZXh0LWNlbnRlciUyMiUzRSUwQSUzQ2RpdiUyMGNsYXNzJTNEJTIyY29udGFpbmVyJTIyJTNFJTBBJTIwJTIwJTIwJTIwJTIwJTIwJTIwJTIwJTNDZGl2JTIwY2xhc3MlM0QlMjJoZWFkZXItZ3JvdXAlMjIlM0UlMEElMjAlMjAlMjAlMjAlMjAlMjAlMjAlMjAlMjAlMjAlMjAlMjAlM0NkaXYlM0UlMEElMjAlMjAlMjAlMjAlMjAlMjAlMjAlMjAlMjAlMjAlMjAlMjAlMjAlMjAlMjAlMjAlM0NoMSUzRU5ld3MlM0MlMkZoMSUzRSUwQSUyMCUyMCUyMCUyMCUyMCUyMCUyMCUyMCUyMCUyMCUyMCUyMCUyMCUyMCUyMCUyMCUzQ3AlM0V3aGF0JUUyJTgwJTk5cyUyMHVwJTIwYXQlMjBWVEklMjBDbG91ZCUzQyUyRnAlM0UlMEElMjAlMjAlMjAlMjAlMjAlMjAlMjAlMjAlMjAlMjAlMjAlMjAlM0MlMkZkaXYlM0UlMEElMjAlMjAlMjAlMjAlMjAlMjAlMjAlMjAlM0MlMkZkaXYlM0UlMEElM0MlMkZkaXYlM0UlMEElMjAlMjAlMjAlMjAlM0MlMkZkaXYlM0U=[\/vc_raw_html][\/vc_column][\/vc_row][vc_section][vc_row el_class=&#8221;container-custom&#8221;][vc_column][vc_column_text][\/vc_column_text][\/vc_column][\/vc_row][\/vc_section][vc_row el_class=&#8221;section&#8221;][vc_column][vc_raw_html]JTNDZGl2JTIwY2xhc3MlM0QlMjJoZWFkZXIlMjAlMjB0ZXh0LWNlbnRlciUyMiUzRSUwQSUzQ2RpdiUyMGNsYXNzJTNEJTIyY29udGFpbmVyJTIyJTNFJTBBJTIwJTIwJTIwJTIwJTIwJTIwJTIwJTIwJTNDZGl2JTIwY2xhc3MlM0QlMjJoZWFkZXItZ3JvdXAlMjIlM0UlMEElMjAlMjAlMjAlMjAlMjAlMjAlMjAlMjAlMjAlMjAlMjAlMjAlM0NkaXYlM0UlMEElMjAlMjAlMjAlMjAlMjAlMjAlMjAlMjAlMjAlMjAlMjAlMjAlMjAlMjAlMjAlMjAlM0NoMSUzRUV2ZW50cyUzQyUyRmgxJTNFJTBBJTIwJTIwJTIwJTIwJTIwJTIwJTIwJTIwJTIwJTIwJTIwJTIwJTIwJTIwJTIwJTIwJTNDcCUzRXdoYXQlRTIlODAlOTlzJTIwdXAlMjBhdCUyMFZUSSUyMENsb3VkJTNDJTJGcCUzRSUwQSUyMCUyMCUyMCUyMCUyMCUyMCUyMCUyMCUyMCUyMCUyMCUyMCUzQyUyRmRpdiUzRSUwQSUyMCUyMCUyMCUyMCUyMCUyMCUyMCUyMCUzQyUyRmRpdiUzRSUwQSUzQyUyRmRpdiUzRSUwQSUyMCUyMCUyMCUyMCUzQyUyRmRpdiUzRQ==[\/vc_raw_html][\/vc_column][\/vc_row][vc_section][vc_row el_class=&#8221;container-custom&#8221;][vc_column][vc_column_text][\/vc_column_text][\/vc_column][\/vc_row][\/vc_section]<\/p>\n","protected":false},"author":1,"featured_media":2413,"parent":0,"menu_order":0,"comment_status":"closed","ping_status":"closed","template":"fullwidth.php","meta":[],"_links":{"self":[{"href":"https:\/\/vticloud.io\/en\/wp-json\/wp\/v2\/pages\/340"}],"collection":[{"href":"https:\/\/vticloud.io\/en\/wp-json\/wp\/v2\/pages"}],"about":[{"href":"https:\/\/vticloud.io\/en\/wp-json\/wp\/v2\/types\/page"}],"author":[{"embeddable":true,"href":"https:\/\/vticloud.io\/en\/wp-json\/wp\/v2\/users\/1"}],"replies":[{"embeddable":true,"href":"https:\/\/vticloud.io\/en\/wp-json\/wp\/v2\/comments?post=340"}],"version-history":[{"count":1,"href":"https:\/\/vticloud.io\/en\/wp-json\/wp\/v2\/pages\/340\/revisions"}],"predecessor-version":[{"id":3227,"href":"https:\/\/vticloud.io\/en\/wp-json\/wp\/v2\/pages\/340\/revisions\/3227"}],"wp:featuredmedia":[{"embeddable":true,"href":"https:\/\/vticloud.io\/en\/wp-json\/wp\/v2\/media\/2413"}],"wp:attachment":[{"href":"https:\/\/vticloud.io\/en\/wp-json\/wp\/v2\/media?parent=340"}],"curies":[{"name":"wp","href":"https:\/\/api.w.org\/{rel}","templated":true}]}}