{"id":514,"date":"2020-10-07T14:10:50","date_gmt":"2020-10-07T07:10:50","guid":{"rendered":"https:\/\/vticloud.io\/?page_id=514"},"modified":"2022-03-15T12:01:27","modified_gmt":"2022-03-15T05:01:27","slug":"blog","status":"publish","type":"page","link":"https:\/\/vticloud.io\/en\/blog\/","title":{"rendered":"Blog"},"content":{"rendered":"<p>[vc_row][vc_column][vc_column_text css=&#8221;.vc_custom_1615447788367{margin-right: -15px !important;margin-left: -15px !important;}&#8221;]  <div class=\"jumbotron\" style=\"background-image: url('https:\/\/vticloud.io\/wp-content\/uploads\/2020\/10\/blog_banner-scaled.jpg')\">\n    <div class=\"container\">\n      <div class=\"row\">\n        <div class=\"col-md-8 col-sm-12 col-sx-12 banner-contact-left\">\n          <div class=\"info-left\">\n            <p class=\"title-first mt-5\"> \/BLOG\/<\/p>\n            <p class=\"title-info\">C\u1eadp nh\u1eadt th\u00f4ng tin m\u1edbi nh\u1ea5t<br \/>\nv\u1ec1 AWS c\u00f9ng VTI Cloud<\/p>\n                        <\/div>\n        <\/div>\n        <div class=\"col-md-4 col-sm-12 col-sx-12 banner-contact-right\">\n          <div class=\"info-right float-right\">\n            <div class=\"contact\">\n              <p>Li\u00ean h\u1ec7<\/p>\n              <span class=\"icon-contact\"><i class=\"fas fa-phone-alt\"><\/i>+84-24-73068883<\/span>\n              <span class=\"icon-contact\"><i class=\"far fa-envelope\"><\/i>hello@vticloud.io<\/span>\n            <\/div>\n          <\/div>\n        <\/div>\n      <\/div>\n    <\/div>\n  <\/div>\n    [\/vc_column_text][\/vc_column][\/vc_row][vc_row][vc_column el_class=&#8221;section&#8221;][vc_raw_html]JTNDZGl2JTIwY2xhc3MlM0QlMjJoZWFkZXIlMjB0ZXh0LWNlbnRlciUyMiUzRSUwQSUyMCUyMCUyMCUyMCUyMCUyMCUyMCUyMCUzQ2RpdiUyMGNsYXNzJTNEJTIyaGVhZGVyLWdyb3VwJTIyJTNFJTBBJTIwJTIwJTIwJTIwJTIwJTIwJTIwJTIwJTIwJTIwJTIwJTIwJTNDaDElM0VCbG9nJTNDJTJGaDElM0UlMEElMjAlMjAlMjAlMjAlMjAlMjAlMjAlMjAlMjAlMjAlMjAlMjAlM0NwJTNFVCVDMyVBMGklMjBuZ3V5JUMzJUFBbiUzQyUyRnAlM0UlMEElMjAlMjAlMjAlMjAlMjAlMjAlMjAlMjAlM0MlMkZkaXYlM0UlMEElMjAlMjAlMjAlMjAlM0MlMkZkaXYlM0U=[\/vc_raw_html][\/vc_column][\/vc_row][vc_section][vc_row el_class=&#8221;container-custom&#8221;][vc_column][vc_column_text]<\/p>\n    <div class=\"row blog-item-first\">\n        <div class=\"col-md-7 col-lg-7 col-sm-12\">\n                            <img class=\"card-img-top\" src=\"https:\/\/vticloud.io\/wp-content\/uploads\/2021\/11\/vticloud-mongodb-cu-bat-tay-lich-su.jpg\" alt=\"(VN) MongoDB &#038; VTI Cloud: C\u00fa b\u1eaft tay trong l\u0129nh v\u1ef1c chuy\u1ec3n \u0111\u1ed5i s\u1ed1\">\n                    <\/div>\n        <div class=\"col-md-5 col-lg-5 col-sm-12\">\n            <h1><a href=\"https:\/\/vticloud.io\/en\/mongodb-vti-cloud-cu-bat-tay-trong-linh-vuc-chuyen-doi-so\/\">(VN) MongoDB &#038; VTI Cloud: C\u00fa b\u1eaft tay trong l\u0129nh v\u1ef1c chuy\u1ec3n \u0111\u1ed5i s\u1ed1<\/a><\/h1>\n            <p>Sorry, this entry is only available in Vietnamese.<\/p>\n            <div class=\"info row\">\n                <div class=\"col-8\">\n                    <i class=\"fa fa-calendar-alt\"><\/i> Mar 15, 2022                    <i class=\"fa fa-eye\"><\/i>\n                    8995                <\/div>\n                <div class=\"col-4\">\n                    <a href=\"https:\/\/vticloud.io\/en\/mongodb-vti-cloud-cu-bat-tay-trong-linh-vuc-chuyen-doi-so\/\"><span class=\"readmore\">Xem th\u00eam <i class=\"fa fa-angle-double-right\"><\/i><\/span><\/a>\n                <\/div>\n            <\/div>\n        <\/div>\n    <\/div>\n    \n<p>[\/vc_column_text][vc_column_text]    <div class=\"blog-list row\">\n                    <div class=\"col-md-4 col-lg-4 col-sm-6 col-xs-12\">\n                                <div class=\"image-thumb\" style=\"background-image: url('https:\/\/vticloud.io\/wp-content\/uploads\/2021\/03\/CLOUD-AWS-CERT-100-03-03.png')\"><\/div>\n                <div class=\"post-info\">\n                    <h2><a href=\"https:\/\/vticloud.io\/en\/en-vti-cloud-tu-hao-so-huu-doi-ngu-100-ky-su-dat-chung-chi-aws\/\">VTI CLOUD T\u1ef0 H\u00c0O S\u1ede H\u1eeeU \u0110\u1ed8I NG\u0168 100+ K\u1ef8 S\u01af \u0110\u1ea0T CH\u1ee8NG CH\u1ec8 AWS<\/a><\/h2>\n                    <p>VTI Cloud l\u00e0 m\u1ed9t trong nh\u1eefng \u0111\u01a1n v\u1ecb s\u1edf h\u1eefu \u0111\u1ed9i ng\u0169 k\u1ef9 s\u01b0 \u0111\u1ea1t ch\u1ee9ng ch\u1ec9 AWS h\u00f9ng h\u1eadu...<\/p>\n                    <div class=\"info row\">\n                        <div class=\"col-8\">\n                            <i class=\"fa fa-calendar-alt\"><\/i> May 9, 2023                            <i class=\"fa fa-eye\"><\/i>\n                            6708                        <\/div>\n                        <div class=\"col-4\">\n                            <a href=\"https:\/\/vticloud.io\/en\/en-vti-cloud-tu-hao-so-huu-doi-ngu-100-ky-su-dat-chung-chi-aws\/\"><span class=\"readmore\">Xem th\u00eam<i class=\"fa fa-angle-double-right\"><\/i><\/span><\/a>\n                        <\/div>\n                    <\/div>\n                <\/div>\n            <\/div>\n                    <div class=\"col-md-4 col-lg-4 col-sm-6 col-xs-12\">\n                                <div class=\"image-thumb\" style=\"background-image: url('https:\/\/vticloud.io\/wp-content\/uploads\/2021\/03\/image2-1.jpg')\"><\/div>\n                <div class=\"post-info\">\n                    <h2><a href=\"https:\/\/vticloud.io\/en\/hybridcloud-la-gi-danh-nghiep-nao-nen-trien-khai-hybridcloud\/\">(VN) Hybridcloud l\u00e0 g\u00ec? Danh nghi\u1ec7p n\u00e0o n\u00ean tri\u1ec3n khai Hybridcloud?<\/a><\/h2>\n                    <p>Sorry, this entry is only available in Vietnamese.<\/p>\n                    <div class=\"info row\">\n                        <div class=\"col-8\">\n                            <i class=\"fa fa-calendar-alt\"><\/i> May 5, 2023                            <i class=\"fa fa-eye\"><\/i>\n                            7081                        <\/div>\n                        <div class=\"col-4\">\n                            <a href=\"https:\/\/vticloud.io\/en\/hybridcloud-la-gi-danh-nghiep-nao-nen-trien-khai-hybridcloud\/\"><span class=\"readmore\">Xem th\u00eam<i class=\"fa fa-angle-double-right\"><\/i><\/span><\/a>\n                        <\/div>\n                    <\/div>\n                <\/div>\n            <\/div>\n                    <div class=\"col-md-4 col-lg-4 col-sm-6 col-xs-12\">\n                                <div class=\"image-thumb\" style=\"background-image: url('https:\/\/vticloud.io\/wp-content\/uploads\/2021\/03\/image2.jpg')\"><\/div>\n                <div class=\"post-info\">\n                    <h2><a href=\"https:\/\/vticloud.io\/en\/mongodb-vti-cloud-cu-bat-tay-trong-linh-vuc-chuyen-doi-so-2\/\">(VN) MongoDB &#038; VTI Cloud: C\u00fa b\u1eaft tay trong l\u0129nh v\u1ef1c chuy\u1ec3n \u0111\u1ed5i s\u1ed1<\/a><\/h2>\n                    <p>Sorry, this entry is only available in Vietnamese.<\/p>\n                    <div class=\"info row\">\n                        <div class=\"col-8\">\n                            <i class=\"fa fa-calendar-alt\"><\/i> May 5, 2023                            <i class=\"fa fa-eye\"><\/i>\n                            7147                        <\/div>\n                        <div class=\"col-4\">\n                            <a href=\"https:\/\/vticloud.io\/en\/mongodb-vti-cloud-cu-bat-tay-trong-linh-vuc-chuyen-doi-so-2\/\"><span class=\"readmore\">Xem th\u00eam<i class=\"fa fa-angle-double-right\"><\/i><\/span><\/a>\n                        <\/div>\n                    <\/div>\n                <\/div>\n            <\/div>\n                    <div class=\"col-md-4 col-lg-4 col-sm-6 col-xs-12\">\n                                <div class=\"image-thumb\" style=\"background-image: url('https:\/\/vticloud.io\/wp-content\/uploads\/2021\/03\/Mo-hinh-IaaS-\u2013-nen-tang-dam-may-thuc-day-doanh-nghiep-phat-trien-manh-me.jpg')\"><\/div>\n                <div class=\"post-info\">\n                    <h2><a href=\"https:\/\/vticloud.io\/en\/mo-hinh-iaas-nen-tang-dam-may-thuc-day-doanh-nghiep-phat-trien-manh-me\/\">(VN) M\u00f4 h\u00ecnh IaaS \u2013 n\u1ec1n t\u1ea3ng \u0111\u00e1m m\u00e2y th\u00fac \u0111\u1ea9y doanh nghi\u1ec7p ph\u00e1t tri\u1ec3n m\u1ea1nh m\u1ebd<\/a><\/h2>\n                    <p>Sorry, this entry is only available in Vietnamese.<\/p>\n                    <div class=\"info row\">\n                        <div class=\"col-8\">\n                            <i class=\"fa fa-calendar-alt\"><\/i> May 5, 2023                            <i class=\"fa fa-eye\"><\/i>\n                            6897                        <\/div>\n                        <div class=\"col-4\">\n                            <a href=\"https:\/\/vticloud.io\/en\/mo-hinh-iaas-nen-tang-dam-may-thuc-day-doanh-nghiep-phat-trien-manh-me\/\"><span class=\"readmore\">Xem th\u00eam<i class=\"fa fa-angle-double-right\"><\/i><\/span><\/a>\n                        <\/div>\n                    <\/div>\n                <\/div>\n            <\/div>\n                    <div class=\"col-md-4 col-lg-4 col-sm-6 col-xs-12\">\n                                <div class=\"image-thumb\" style=\"background-image: url('https:\/\/vticloud.io\/wp-content\/uploads\/2021\/03\/Multicloud-va-loi-ich-khi-trien-khai-ha-tang-da-dam-may-trong-doanh-nghiep.png')\"><\/div>\n                <div class=\"post-info\">\n                    <h2><a href=\"https:\/\/vticloud.io\/en\/multicloud-va-loi-ich-khi-trien-khai-ha-tang-da-dam-may-trong-doanh-nghiep\/\">(VN) Multicloud v\u00e0 l\u1ee3i \u00edch khi tri\u1ec3n khai h\u1ea1 t\u1ea7ng \u0111a \u0111\u00e1m m\u00e2y trong doanh nghi\u1ec7p<\/a><\/h2>\n                    <p>Sorry, this entry is only available in Vietnamese.<\/p>\n                    <div class=\"info row\">\n                        <div class=\"col-8\">\n                            <i class=\"fa fa-calendar-alt\"><\/i> May 5, 2023                            <i class=\"fa fa-eye\"><\/i>\n                            6653                        <\/div>\n                        <div class=\"col-4\">\n                            <a href=\"https:\/\/vticloud.io\/en\/multicloud-va-loi-ich-khi-trien-khai-ha-tang-da-dam-may-trong-doanh-nghiep\/\"><span class=\"readmore\">Xem th\u00eam<i class=\"fa fa-angle-double-right\"><\/i><\/span><\/a>\n                        <\/div>\n                    <\/div>\n                <\/div>\n            <\/div>\n                    <div class=\"col-md-4 col-lg-4 col-sm-6 col-xs-12\">\n                                <div class=\"image-thumb\" style=\"background-image: url('https:\/\/vticloud.io\/wp-content\/uploads\/2021\/03\/Nganh-Tai-chinh-\u2013-Ngan-hang-truoc-bai-toan-phan-tich-du-lieu-khong-lo.jpg')\"><\/div>\n                <div class=\"post-info\">\n                    <h2><a href=\"https:\/\/vticloud.io\/en\/nganh-tai-chinh-ngan-hang-truoc-bai-toan-phan-tich-du-lieu-khong-lo\/\">(VN) Ng\u00e0nh T\u00e0i ch\u00ednh \u2013 Ng\u00e2n h\u00e0ng tr\u01b0\u1edbc b\u00e0i to\u00e1n ph\u00e2n t\u00edch d\u1eef li\u1ec7u kh\u1ed5ng l\u1ed3<\/a><\/h2>\n                    <p>Sorry, this entry is only available in Vietnamese.<\/p>\n                    <div class=\"info row\">\n                        <div class=\"col-8\">\n                            <i class=\"fa fa-calendar-alt\"><\/i> May 5, 2023                            <i class=\"fa fa-eye\"><\/i>\n                            7619                        <\/div>\n                        <div class=\"col-4\">\n                            <a href=\"https:\/\/vticloud.io\/en\/nganh-tai-chinh-ngan-hang-truoc-bai-toan-phan-tich-du-lieu-khong-lo\/\"><span class=\"readmore\">Xem th\u00eam<i class=\"fa fa-angle-double-right\"><\/i><\/span><\/a>\n                        <\/div>\n                    <\/div>\n                <\/div>\n            <\/div>\n                    <div class=\"col-md-4 col-lg-4 col-sm-6 col-xs-12\">\n                                <div class=\"image-thumb\" style=\"background-image: url('https:\/\/vticloud.io\/wp-content\/uploads\/2021\/03\/Phan-tich-Kien-truc-Microservices-tren-Cloud-cua-Netflix-Phan-2.jpeg')\"><\/div>\n                <div class=\"post-info\">\n                    <h2><a href=\"https:\/\/vticloud.io\/en\/phan-tich-kien-truc-microservices-tren-cloud-cua-netflix-phan-2\/\">(VN) Ph\u00e2n t\u00edch Ki\u1ebfn tr\u00fac Microservices tr\u00ean Cloud c\u1ee7a Netflix (Ph\u1ea7n 2)<\/a><\/h2>\n                    <p>Sorry, this entry is only available in Vietnamese.<\/p>\n                    <div class=\"info row\">\n                        <div class=\"col-8\">\n                            <i class=\"fa fa-calendar-alt\"><\/i> May 5, 2023                            <i class=\"fa fa-eye\"><\/i>\n                            7759                        <\/div>\n                        <div class=\"col-4\">\n                            <a href=\"https:\/\/vticloud.io\/en\/phan-tich-kien-truc-microservices-tren-cloud-cua-netflix-phan-2\/\"><span class=\"readmore\">Xem th\u00eam<i class=\"fa fa-angle-double-right\"><\/i><\/span><\/a>\n                        <\/div>\n                    <\/div>\n                <\/div>\n            <\/div>\n                    <div class=\"col-md-4 col-lg-4 col-sm-6 col-xs-12\">\n                                <div class=\"image-thumb\" style=\"background-image: url('https:\/\/vticloud.io\/wp-content\/uploads\/2021\/03\/Thach-thuc-tich-hop-Backend-Data-trong-ky-nguyen-dam-may.jpg')\"><\/div>\n                <div class=\"post-info\">\n                    <h2><a href=\"https:\/\/vticloud.io\/en\/thach-thuc-tich-hop-backend-data-trong-ky-nguyen-dam-may\/\">(VN) Th\u00e1ch th\u1ee9c t\u00edch h\u1ee3p Backend Data trong k\u1ef7 nguy\u00ean \u0111\u00e1m m\u00e2y<\/a><\/h2>\n                    <p>Sorry, this entry is only available in Vietnamese.<\/p>\n                    <div class=\"info row\">\n                        <div class=\"col-8\">\n                            <i class=\"fa fa-calendar-alt\"><\/i> May 5, 2023                            <i class=\"fa fa-eye\"><\/i>\n                            7127                        <\/div>\n                        <div class=\"col-4\">\n                            <a href=\"https:\/\/vticloud.io\/en\/thach-thuc-tich-hop-backend-data-trong-ky-nguyen-dam-may\/\"><span class=\"readmore\">Xem th\u00eam<i class=\"fa fa-angle-double-right\"><\/i><\/span><\/a>\n                        <\/div>\n                    <\/div>\n                <\/div>\n            <\/div>\n                    <div class=\"col-md-4 col-lg-4 col-sm-6 col-xs-12\">\n                                <div class=\"image-thumb\" style=\"background-image: url('https:\/\/vticloud.io\/wp-content\/uploads\/2021\/03\/aws-lightsail.jpg')\"><\/div>\n                <div class=\"post-info\">\n                    <h2><a href=\"https:\/\/vticloud.io\/en\/xay-dung-ung-dung-va-website-nhanh-chong-voi-amazon-lightsail\/\">(VN) X\u00e2y D\u1ef1ng \u1ee8ng d\u1ee5ng v\u00e0 Website Nhanh Ch\u00f3ng V\u1edbi Amazon LightSail<\/a><\/h2>\n                    <p>Sorry, this entry is only available in Vietnamese.<\/p>\n                    <div class=\"info row\">\n                        <div class=\"col-8\">\n                            <i class=\"fa fa-calendar-alt\"><\/i> May 5, 2023                            <i class=\"fa fa-eye\"><\/i>\n                            8494                        <\/div>\n                        <div class=\"col-4\">\n                            <a href=\"https:\/\/vticloud.io\/en\/xay-dung-ung-dung-va-website-nhanh-chong-voi-amazon-lightsail\/\"><span class=\"readmore\">Xem th\u00eam<i class=\"fa fa-angle-double-right\"><\/i><\/span><\/a>\n                        <\/div>\n                    <\/div>\n                <\/div>\n            <\/div>\n            <\/div>\n    <center>\n        <a href=\"#\" post_not_in_id=\"3274\" category_name=\"blog\" posts_per_page=\"9\" class=\"btn btn-outline-info click_loadmore_post\">View more<\/a>\n    <\/center>\n    [\/vc_column_text][\/vc_column][\/vc_row][\/vc_section]<\/p>\n","protected":false},"excerpt":{"rendered":"<p>[vc_row][vc_column][vc_column_text css=&#8221;.vc_custom_1615447788367{margin-right: -15px !important;margin-left: -15px !important;}&#8221;][\/vc_column_text][\/vc_column][\/vc_row][vc_row][vc_column el_class=&#8221;section&#8221;][vc_raw_html]JTNDZGl2JTIwY2xhc3MlM0QlMjJoZWFkZXIlMjB0ZXh0LWNlbnRlciUyMiUzRSUwQSUyMCUyMCUyMCUyMCUyMCUyMCUyMCUyMCUzQ2RpdiUyMGNsYXNzJTNEJTIyaGVhZGVyLWdyb3VwJTIyJTNFJTBBJTIwJTIwJTIwJTIwJTIwJTIwJTIwJTIwJTIwJTIwJTIwJTIwJTNDaDElM0VCbG9nJTNDJTJGaDElM0UlMEElMjAlMjAlMjAlMjAlMjAlMjAlMjAlMjAlMjAlMjAlMjAlMjAlM0NwJTNFVCVDMyVBMGklMjBuZ3V5JUMzJUFBbiUzQyUyRnAlM0UlMEElMjAlMjAlMjAlMjAlMjAlMjAlMjAlMjAlM0MlMkZkaXYlM0UlMEElMjAlMjAlMjAlMjAlM0MlMkZkaXYlM0U=[\/vc_raw_html][\/vc_column][\/vc_row][vc_section][vc_row el_class=&#8221;container-custom&#8221;][vc_column][vc_column_text] [\/vc_column_text][vc_column_text][\/vc_column_text][\/vc_column][\/vc_row][\/vc_section]<\/p>\n","protected":false},"author":1,"featured_media":516,"parent":0,"menu_order":0,"comment_status":"closed","ping_status":"closed","template":"fullwidth.php","meta":[],"_links":{"self":[{"href":"https:\/\/vticloud.io\/en\/wp-json\/wp\/v2\/pages\/514"}],"collection":[{"href":"https:\/\/vticloud.io\/en\/wp-json\/wp\/v2\/pages"}],"about":[{"href":"https:\/\/vticloud.io\/en\/wp-json\/wp\/v2\/types\/page"}],"author":[{"embeddable":true,"href":"https:\/\/vticloud.io\/en\/wp-json\/wp\/v2\/users\/1"}],"replies":[{"embeddable":true,"href":"https:\/\/vticloud.io\/en\/wp-json\/wp\/v2\/comments?post=514"}],"version-history":[{"count":3,"href":"https:\/\/vticloud.io\/en\/wp-json\/wp\/v2\/pages\/514\/revisions"}],"predecessor-version":[{"id":3638,"href":"https:\/\/vticloud.io\/en\/wp-json\/wp\/v2\/pages\/514\/revisions\/3638"}],"wp:featuredmedia":[{"embeddable":true,"href":"https:\/\/vticloud.io\/en\/wp-json\/wp\/v2\/media\/516"}],"wp:attachment":[{"href":"https:\/\/vticloud.io\/en\/wp-json\/wp\/v2\/media?parent=514"}],"curies":[{"name":"wp","href":"https:\/\/api.w.org\/{rel}","templated":true}]}}